{"id":256,"date":"2021-01-16T00:01:35","date_gmt":"2021-01-16T00:01:35","guid":{"rendered":"https:\/\/molinos-agropecuarios.intagono.mx\/?page_id=256"},"modified":"2026-03-24T21:55:24","modified_gmt":"2026-03-24T21:55:24","slug":"lista-de-precios","status":"publish","type":"page","link":"https:\/\/www.molinosazteca.com\/equiposagropecuarios\/lista-de-precios\/","title":{"rendered":"Lista de precios"},"content":{"rendered":"\n<style type=\"text\/css\" data-created_by=\"avia_inline_auto\" id=\"style-css-av-kjyvy93s-2261fa160c773f8523a4cf723a1221ee\">\n.avia-section.av-kjyvy93s-2261fa160c773f8523a4cf723a1221ee{\nbackground-repeat:no-repeat;\nbackground-image:url(https:\/\/www.molinosazteca.com\/equiposagropecuarios\/wp-content\/uploads\/2021\/01\/home-main-banner-4-scaled.jpg);\nbackground-position:50% 50%;\nbackground-attachment:scroll;\n}\n<\/style>\n<div id='lista-precios-banner'  class='avia-section av-kjyvy93s-2261fa160c773f8523a4cf723a1221ee main_color avia-section-default avia-no-border-styling  avia-builder-el-0  el_before_av_section  avia-builder-el-first  avia-full-stretch avia-bg-style-scroll av-minimum-height av-minimum-height-30 av-height-percent  container_wrap fullsize'  data-section-bg-repeat='stretch' data-av_minimum_height_pc='30' data-av_min_height_opt='percent'><div class='container av-section-cont-open' ><main  role=\"main\" itemprop=\"mainContentOfPage\"  class='template-page content  av-content-full alpha units'><div class='post-entry post-entry-type-page post-entry-256'><div class='entry-content-wrapper clearfix'>\n\n<style type=\"text\/css\" data-created_by=\"avia_inline_auto\" id=\"style-css-av-kjyy6uzz-5515eb7aa53604fabdbdc8ed95beef75\">\n.flex_column.av-kjyy6uzz-5515eb7aa53604fabdbdc8ed95beef75{\nborder-radius:0px 0px 0px 0px;\npadding:0px 0px 0px 0px;\n}\n<\/style>\n<div  class='flex_column av-kjyy6uzz-5515eb7aa53604fabdbdc8ed95beef75 av_one_full  avia-builder-el-1  avia-builder-el-no-sibling  first flex_column_div av-animated-generic fade-in av-zero-column-padding  '     ><style type=\"text\/css\" data-created_by=\"avia_inline_auto\" id=\"style-css-av-a7ea0-26bea2b4c198917ed6220edecd215312\">\n#top .av-special-heading.av-a7ea0-26bea2b4c198917ed6220edecd215312{\npadding-bottom:10px;\n}\nbody .av-special-heading.av-a7ea0-26bea2b4c198917ed6220edecd215312 .av-special-heading-tag .heading-char{\nfont-size:25px;\n}\n.av-special-heading.av-a7ea0-26bea2b4c198917ed6220edecd215312 .av-subheading{\nfont-size:15px;\n}\n<\/style>\n<div  class='av-special-heading av-a7ea0-26bea2b4c198917ed6220edecd215312 av-special-heading-h4 blockquote modern-quote modern-centered  avia-builder-el-2  avia-builder-el-no-sibling '><h4 class='av-special-heading-tag '  itemprop=\"headline\"  >Lista de precios<\/h4><div class=\"special-heading-border\"><div class=\"special-heading-inner-border\"><\/div><\/div><\/div><\/div>\n\n<\/div><\/div><\/main><!-- close content main element --><\/div><\/div><div id='lista-precios-section-2'  class='avia-section av-kjyxz9nv-7bb640e55cb6b586eb4d3d460efae2aa main_color avia-section-default avia-no-border-styling  avia-builder-el-3  el_after_av_section  el_before_av_section  avia-bg-style-scroll container_wrap fullsize'  ><div class='container av-section-cont-open' ><div class='template-page content  av-content-full alpha units'><div class='post-entry post-entry-type-page post-entry-256'><div class='entry-content-wrapper clearfix'>\n\n\n<\/div><\/div><\/div><!-- close content main div --><\/div><\/div>\n<style type=\"text\/css\" data-created_by=\"avia_inline_auto\" id=\"style-css-av-26y2s-15c14ea5103688348a3b832e41c9a789\">\n.avia-section.av-26y2s-15c14ea5103688348a3b832e41c9a789{\nbackground-repeat:no-repeat;\nbackground-image:url(https:\/\/www.molinosazteca.com\/equiposagropecuarios\/wp-content\/uploads\/2021\/01\/home-section-2-bg-e1610650089592.png);\nbackground-position:50% 50%;\nbackground-attachment:scroll;\n}\n<\/style>\n<div id='av_section_3'  class='avia-section av-26y2s-15c14ea5103688348a3b832e41c9a789 main_color avia-section-default avia-no-border-styling  avia-builder-el-6  el_after_av_section  avia-builder-el-last  avia-full-stretch avia-bg-style-scroll container_wrap fullsize'  data-section-bg-repeat='stretch'><div class='container av-section-cont-open' ><div class='template-page content  av-content-full alpha units'><div class='post-entry post-entry-type-page post-entry-256'><div class='entry-content-wrapper clearfix'>\n\n<style type=\"text\/css\" data-created_by=\"avia_inline_auto\" id=\"style-css-av-kjvryuyi-0d8cc849722fa4fb7a89648da6b5f8d2\">\n#top .hr.hr-invisible.av-kjvryuyi-0d8cc849722fa4fb7a89648da6b5f8d2{\nheight:380px;\n}\n<\/style>\n<div  class='hr av-kjvryuyi-0d8cc849722fa4fb7a89648da6b5f8d2 hr-invisible  avia-builder-el-7  el_before_av_heading  avia-builder-el-first '><span class='hr-inner '><span class=\"hr-inner-style\"><\/span><\/span><\/div>\n\n<style type=\"text\/css\" data-created_by=\"avia_inline_auto\" id=\"style-css-av-hrwgo-55c505290fd048d8828b0eee8e2e566f\">\n#top .av-special-heading.av-hrwgo-55c505290fd048d8828b0eee8e2e566f{\npadding-bottom:10px;\n}\nbody .av-special-heading.av-hrwgo-55c505290fd048d8828b0eee8e2e566f .av-special-heading-tag .heading-char{\nfont-size:25px;\n}\n.av-special-heading.av-hrwgo-55c505290fd048d8828b0eee8e2e566f .av-subheading{\nfont-size:15px;\n}\n<\/style>\n<div  id=\"experiencia-heading\"  class='av-special-heading av-hrwgo-55c505290fd048d8828b0eee8e2e566f av-special-heading-h4 blockquote modern-quote modern-centered  avia-builder-el-8  el_after_av_hr  el_before_av_one_half '><h4 class='av-special-heading-tag '  itemprop=\"headline\"  >Acerca de Molinos Azteca<\/h4><div class=\"special-heading-border\"><div class=\"special-heading-inner-border\"><\/div><\/div><\/div>\n\n<style type=\"text\/css\" data-created_by=\"avia_inline_auto\" id=\"style-css-av-ke3fqik1-c223c0319f2bee19e9decd2d5c193d58\">\n#top .flex_column.av-ke3fqik1-c223c0319f2bee19e9decd2d5c193d58{\nmargin-top:35px;\nmargin-bottom:10px;\n}\n.flex_column.av-ke3fqik1-c223c0319f2bee19e9decd2d5c193d58{\nborder-radius:0px 0px 0px 0px;\npadding:0px 0px 0px 0px;\nbackground-color:rgba(0,0,0,0);\n}\n.responsive #top #wrap_all .flex_column.av-ke3fqik1-c223c0319f2bee19e9decd2d5c193d58{\nmargin-top:35px;\nmargin-bottom:10px;\n}\n<\/style>\n<div  class='flex_column av-ke3fqik1-c223c0319f2bee19e9decd2d5c193d58 av_one_half  avia-builder-el-9  el_after_av_heading  el_before_av_one_half  first flex_column_div av-animated-generic left-to-right av-zero-column-padding avia-full-stretch  '     ><style type=\"text\/css\" data-created_by=\"avia_inline_auto\" id=\"style-css-av-kjt5nlug-5500100fc415c90f728b69cf9d5b0f7c\">\n.avia-image-container.av-kjt5nlug-5500100fc415c90f728b69cf9d5b0f7c img.avia_image{\nbox-shadow:none;\n}\n.avia-image-container.av-kjt5nlug-5500100fc415c90f728b69cf9d5b0f7c .av-image-caption-overlay-center{\ncolor:#ffffff;\n}\n<\/style>\n<div  class='avia-image-container av-kjt5nlug-5500100fc415c90f728b69cf9d5b0f7c av-styling- avia-align-center  avia-builder-el-10  avia-builder-el-no-sibling '   itemprop=\"image\" itemscope=\"itemscope\" itemtype=\"https:\/\/schema.org\/ImageObject\" ><div class=\"avia-image-container-inner\"><div class=\"avia-image-overlay-wrap\"><img decoding=\"async\" fetchpriority=\"high\" class='wp-image-114 avia-img-lazy-loading-not-114 avia_image ' src=\"https:\/\/www.molinosazteca.com\/equiposagropecuarios\/wp-content\/uploads\/2021\/01\/home-section-2-img.png\" alt='' title='home-section-2-img'  height=\"378\" width=\"685\"  itemprop=\"thumbnailUrl\" srcset=\"https:\/\/www.molinosazteca.com\/equiposagropecuarios\/wp-content\/uploads\/2021\/01\/home-section-2-img.png 685w, https:\/\/www.molinosazteca.com\/equiposagropecuarios\/wp-content\/uploads\/2021\/01\/home-section-2-img-300x166.png 300w, https:\/\/www.molinosazteca.com\/equiposagropecuarios\/wp-content\/uploads\/2021\/01\/home-section-2-img-600x331.png 600w\" sizes=\"(max-width: 685px) 100vw, 685px\" \/><\/div><\/div><\/div><\/div>\n<style type=\"text\/css\" data-created_by=\"avia_inline_auto\" id=\"style-css-av-ke3fqik1-1-6c144a2d458152ed0e589ce2f89a986b\">\n#top .flex_column.av-ke3fqik1-1-6c144a2d458152ed0e589ce2f89a986b{\nmargin-top:35px;\nmargin-bottom:10px;\n}\n.flex_column.av-ke3fqik1-1-6c144a2d458152ed0e589ce2f89a986b{\nborder-radius:0px 0px 0px 0px;\npadding:0px 0px 0px 0px;\nbackground-color:rgba(0,0,0,0);\n}\n.responsive #top #wrap_all .flex_column.av-ke3fqik1-1-6c144a2d458152ed0e589ce2f89a986b{\nmargin-top:35px;\nmargin-bottom:10px;\n}\n<\/style>\n<div  class='flex_column av-ke3fqik1-1-6c144a2d458152ed0e589ce2f89a986b av_one_half  avia-builder-el-11  el_after_av_one_half  avia-builder-el-last  flex_column_div av-animated-generic right-to-left av-zero-column-padding avia-full-stretch  '     ><style type=\"text\/css\" data-created_by=\"avia_inline_auto\" id=\"style-css-av-ke3eqxm3-6dbeb9be4c322239c6c1741a5894e939\">\n#top .av_textblock_section.av-ke3eqxm3-6dbeb9be4c322239c6c1741a5894e939 .avia_textblock{\ncolor:#0a0a0a;\n}\n<\/style>\n<section  id=\"somos-lideres-text\"  class='av_textblock_section av-ke3eqxm3-6dbeb9be4c322239c6c1741a5894e939 '   itemscope=\"itemscope\" itemtype=\"https:\/\/schema.org\/CreativeWork\" ><div class='avia_textblock av_inherit_color'  itemprop=\"text\" ><p style=\"text-align: left;\">Con m\u00e1s de 65 a\u00f1os en el mercado, somos l\u00edderes nacionales en la fabricaci\u00f3n de maquinaria agr\u00edcola para el proceso de forrajes, plantas de alimentos y recibas de grano. Hemos incursionado exitosamente en el extranjero portando como estandarte la EXPERIENCIA e INNOVACI\u00d3N en equipos y dise\u00f1os.<\/p>\n<\/div><\/section><br \/>\n\n<style type=\"text\/css\" data-created_by=\"avia_inline_auto\" id=\"style-css-av-boohk-80f63a126f55589f370e0ce4390d8dde\">\n#top .av-special-heading.av-boohk-80f63a126f55589f370e0ce4390d8dde{\npadding-bottom:10px;\n}\nbody .av-special-heading.av-boohk-80f63a126f55589f370e0ce4390d8dde .av-special-heading-tag .heading-char{\nfont-size:25px;\n}\n.av-special-heading.av-boohk-80f63a126f55589f370e0ce4390d8dde .av-subheading{\nfont-size:15px;\n}\n<\/style>\n<div  id=\"garantizamos-heading\"  class='av-special-heading av-boohk-80f63a126f55589f370e0ce4390d8dde av-special-heading-h5 blockquote modern-quote  avia-builder-el-13  el_after_av_textblock  avia-builder-el-last '><h5 class='av-special-heading-tag '  itemprop=\"headline\"  >Garantizamos que el desempe\u00f1o de nuestra maquinaria te dar\u00e1 mejores resultados, logrando que aproveches todos los recursos de tu campo y tu cultivo.<\/h5><div class=\"special-heading-border\"><div class=\"special-heading-inner-border\"><\/div><\/div><\/div><\/p><\/div>\n<\/p>\n","protected":false},"excerpt":{"rendered":"","protected":false},"author":1,"featured_media":0,"parent":0,"menu_order":0,"comment_status":"closed","ping_status":"closed","template":"","meta":{"inline_featured_image":false,"footnotes":""},"class_list":["post-256","page","type-page","status-publish","hentry"],"_links":{"self":[{"href":"https:\/\/www.molinosazteca.com\/equiposagropecuarios\/wp-json\/wp\/v2\/pages\/256","targetHints":{"allow":["GET"]}}],"collection":[{"href":"https:\/\/www.molinosazteca.com\/equiposagropecuarios\/wp-json\/wp\/v2\/pages"}],"about":[{"href":"https:\/\/www.molinosazteca.com\/equiposagropecuarios\/wp-json\/wp\/v2\/types\/page"}],"author":[{"embeddable":true,"href":"https:\/\/www.molinosazteca.com\/equiposagropecuarios\/wp-json\/wp\/v2\/users\/1"}],"replies":[{"embeddable":true,"href":"https:\/\/www.molinosazteca.com\/equiposagropecuarios\/wp-json\/wp\/v2\/comments?post=256"}],"version-history":[{"count":53,"href":"https:\/\/www.molinosazteca.com\/equiposagropecuarios\/wp-json\/wp\/v2\/pages\/256\/revisions"}],"predecessor-version":[{"id":936,"href":"https:\/\/www.molinosazteca.com\/equiposagropecuarios\/wp-json\/wp\/v2\/pages\/256\/revisions\/936"}],"wp:attachment":[{"href":"https:\/\/www.molinosazteca.com\/equiposagropecuarios\/wp-json\/wp\/v2\/media?parent=256"}],"curies":[{"name":"wp","href":"https:\/\/api.w.org\/{rel}","templated":true}]}}