{"id":32,"date":"2021-01-07T23:13:04","date_gmt":"2021-01-07T23:13:04","guid":{"rendered":"https:\/\/molinos-agropecuarios.intagono.mx\/?page_id=32"},"modified":"2025-07-04T19:23:29","modified_gmt":"2025-07-04T19:23:29","slug":"home","status":"publish","type":"page","link":"https:\/\/www.molinosazteca.com\/equiposagropecuarios\/","title":{"rendered":"Home"},"content":{"rendered":"\n<style type=\"text\/css\" data-created_by=\"avia_inline_auto\" id=\"style-css-av-ke3d3xwd-d2bc10e31e8cf59953fd193be27663bc\">\n.avia-section.av-ke3d3xwd-d2bc10e31e8cf59953fd193be27663bc{\nbackground-color:rgba(0,0,0,0);\nbackground-image:url(https:\/\/www.molinosazteca.com\/equiposagropecuarios\/wp-content\/uploads\/2021\/02\/main-banner-bg.jpg);\nbackground-repeat:no-repeat;\nbackground-position:50% 0%;\nbackground-attachment:scroll;\n}\n<\/style>\n<div id='av_section_1'  class='avia-section av-ke3d3xwd-d2bc10e31e8cf59953fd193be27663bc main_color avia-section-default avia-no-border-styling  avia-builder-el-0  el_before_av_section  avia-builder-el-first  avia-full-stretch avia-bg-style-scroll av-minimum-height av-minimum-height-100 av-height-100  container_wrap fullsize'  data-section-bg-repeat='stretch' data-av_minimum_height_pc='100' data-av_min_height_opt='100'><div class='container av-section-cont-open' ><main  role=\"main\" itemprop=\"mainContentOfPage\"  class='template-page content  av-content-full alpha units'><div class='post-entry post-entry-type-page post-entry-32'><div class='entry-content-wrapper clearfix'>\n\n<style type=\"text\/css\" data-created_by=\"avia_inline_auto\" id=\"style-css-av-mcp7c9r9-f27ea17a17e52fff25d9fedef778823f\">\n#top .hr.hr-invisible.av-mcp7c9r9-f27ea17a17e52fff25d9fedef778823f{\nheight:150px;\n}\n<\/style>\n<div  class='hr av-mcp7c9r9-f27ea17a17e52fff25d9fedef778823f hr-invisible  avia-builder-el-1  el_before_av_one_full  avia-builder-el-first  av-desktop-hide av-medium-hide'><span class='hr-inner '><span class=\"hr-inner-style\"><\/span><\/span><\/div>\n<div class='flex_column_table av-ke4qj31q-273b3c3eef43f1f3e9e00b579b22a210 sc-av_one_full av-equal-height-column-flextable'>\n<style type=\"text\/css\" data-created_by=\"avia_inline_auto\" id=\"style-css-av-ke4qj31q-273b3c3eef43f1f3e9e00b579b22a210\">\n#top .flex_column_table.av-equal-height-column-flextable.av-ke4qj31q-273b3c3eef43f1f3e9e00b579b22a210{\nmargin-top:-15%;\nmargin-bottom:0px;\n}\n.flex_column.av-ke4qj31q-273b3c3eef43f1f3e9e00b579b22a210{\nborder-radius:0px 0px 0px 0px;\npadding:0px 0px 0px 0px;\n}\n<\/style>\n<div  class='flex_column av-ke4qj31q-273b3c3eef43f1f3e9e00b579b22a210 av_one_full  avia-builder-el-2  el_after_av_hr  avia-builder-el-last  first flex_column_table_cell av-equal-height-column av-align-top av-animated-generic fade-in av-zero-column-padding  '     ><p>\n<style type=\"text\/css\" data-created_by=\"avia_inline_auto\" id=\"style-css-av-kiganfzf-6d6cb13bedd3c99435c49a2ec18ecdbb\">\n.avia-image-container.av-kiganfzf-6d6cb13bedd3c99435c49a2ec18ecdbb img.avia_image{\nbox-shadow:none;\n}\n.avia-image-container.av-kiganfzf-6d6cb13bedd3c99435c49a2ec18ecdbb .av-image-caption-overlay-center{\ncolor:#ffffff;\n}\n<\/style>\n<div  class='avia-image-container av-kiganfzf-6d6cb13bedd3c99435c49a2ec18ecdbb av-styling- avia_animated_image av-animated-when-visible-95 fade-in avia-align-center  avia-builder-el-3  el_before_av_heading  avia-builder-el-first '   itemprop=\"image\" itemscope=\"itemscope\" itemtype=\"https:\/\/schema.org\/ImageObject\" ><div class=\"avia-image-container-inner\"><div class=\"avia-image-overlay-wrap\"><img decoding=\"async\" fetchpriority=\"high\" class='wp-image-635 avia-img-lazy-loading-not-635 avia_image ' src=\"https:\/\/www.molinosazteca.com\/equiposagropecuarios\/wp-content\/uploads\/2021\/03\/logo-molinos-azteca-fix.svg\" alt='' title='logo-molinos-azteca-fix'  height=\"265\" width=\"427\"  itemprop=\"thumbnailUrl\"  \/><\/div><\/div><\/div><br \/>\n\n<style type=\"text\/css\" data-created_by=\"avia_inline_auto\" id=\"style-css-av-100ec-833d3ecee9d4592084fd33c56a6301c1\">\n#top .av-special-heading.av-100ec-833d3ecee9d4592084fd33c56a6301c1{\npadding-bottom:10px;\nfont-size:40px;\n}\nbody .av-special-heading.av-100ec-833d3ecee9d4592084fd33c56a6301c1 .av-special-heading-tag .heading-char{\nfont-size:25px;\n}\n#top #wrap_all .av-special-heading.av-100ec-833d3ecee9d4592084fd33c56a6301c1 .av-special-heading-tag{\nfont-size:40px;\n}\n.av-special-heading.av-100ec-833d3ecee9d4592084fd33c56a6301c1 .av-subheading{\nfont-size:21px;\n}\n\n@media only screen and (min-width: 480px) and (max-width: 767px){ \n#top #wrap_all .av-special-heading.av-100ec-833d3ecee9d4592084fd33c56a6301c1 .av-special-heading-tag{\nfont-size:0.8em;\n}\n}\n\n@media only screen and (max-width: 479px){ \n#top #wrap_all .av-special-heading.av-100ec-833d3ecee9d4592084fd33c56a6301c1 .av-special-heading-tag{\nfont-size:0.8em;\n}\n}\n<\/style>\n<div  id=\"hero-heading\"  class='av-special-heading av-100ec-833d3ecee9d4592084fd33c56a6301c1 av-special-heading-h3 blockquote modern-quote modern-centered  avia-builder-el-4  el_after_av_image  el_before_av_codeblock  av-inherit-size'><h3 class='av-special-heading-tag '  itemprop=\"headline\"  >La mejor calidad, experiencia e innovaci\u00f3n<\/h3><div class='av-subheading av-subheading_below'><p>en soluciones agropecuarias integrales<\/p>\n<\/div><div class=\"special-heading-border\"><div class=\"special-heading-inner-border\"><\/div><\/div><\/div><br \/>\n<br \/>\n\n<style type=\"text\/css\" data-created_by=\"avia_inline_auto\" id=\"style-css-av-kjx8w3c5-1508d17d759a235f91ee95f5cee28c77\">\n#top .hr.hr-invisible.av-kjx8w3c5-1508d17d759a235f91ee95f5cee28c77{\nheight:300px;\n}\n<\/style>\n<div  class='hr av-kjx8w3c5-1508d17d759a235f91ee95f5cee28c77 hr-invisible  avia-builder-el-6  el_after_av_codeblock  el_before_av_hr  av-small-hide av-mini-hide'><span class='hr-inner '><span class=\"hr-inner-style\"><\/span><\/span><\/div><br \/>\n\n<style type=\"text\/css\" data-created_by=\"avia_inline_auto\" id=\"style-css-av-mcp7bjyi-f80ba145cb5f25dadbe9485659e17bc2\">\n#top .hr.hr-invisible.av-mcp7bjyi-f80ba145cb5f25dadbe9485659e17bc2{\nheight:100px;\n}\n<\/style>\n<div  class='hr av-mcp7bjyi-f80ba145cb5f25dadbe9485659e17bc2 hr-invisible  avia-builder-el-7  el_after_av_hr  avia-builder-el-last  av-desktop-hide av-medium-hide'><span class='hr-inner '><span class=\"hr-inner-style\"><\/span><\/span><\/div><\/p><\/div><\/div><!--close column table wrapper. Autoclose: 1 --><\/div><\/div><\/main><!-- close content main element --><\/div><\/div>\n<style type=\"text\/css\" data-created_by=\"avia_inline_auto\" id=\"style-css-av-26y2s-15c14ea5103688348a3b832e41c9a789\">\n.avia-section.av-26y2s-15c14ea5103688348a3b832e41c9a789{\nbackground-repeat:no-repeat;\nbackground-image:url(https:\/\/www.molinosazteca.com\/equiposagropecuarios\/wp-content\/uploads\/2021\/01\/home-section-2-bg-e1610650089592.png);\nbackground-position:50% 50%;\nbackground-attachment:scroll;\n}\n<\/style>\n<div id='av_section_2'  class='avia-section av-26y2s-15c14ea5103688348a3b832e41c9a789 main_color avia-section-default avia-no-border-styling  avia-builder-el-8  el_after_av_section  el_before_av_video  avia-full-stretch avia-bg-style-scroll container_wrap fullsize'  data-section-bg-repeat='stretch'><div class='container av-section-cont-open' ><div class='template-page content  av-content-full alpha units'><div class='post-entry post-entry-type-page post-entry-32'><div class='entry-content-wrapper clearfix'>\n\n<style type=\"text\/css\" data-created_by=\"avia_inline_auto\" id=\"style-css-av-kjvryuyi-0d8cc849722fa4fb7a89648da6b5f8d2\">\n#top .hr.hr-invisible.av-kjvryuyi-0d8cc849722fa4fb7a89648da6b5f8d2{\nheight:380px;\n}\n<\/style>\n<div  class='hr av-kjvryuyi-0d8cc849722fa4fb7a89648da6b5f8d2 hr-invisible  avia-builder-el-9  el_before_av_heading  avia-builder-el-first '><span class='hr-inner '><span class=\"hr-inner-style\"><\/span><\/span><\/div>\n\n<style type=\"text\/css\" data-created_by=\"avia_inline_auto\" id=\"style-css-av-1lrf8-2086069f5e79edfb88489410f9a4d662\">\n#top .av-special-heading.av-1lrf8-2086069f5e79edfb88489410f9a4d662{\npadding-bottom:10px;\n}\nbody .av-special-heading.av-1lrf8-2086069f5e79edfb88489410f9a4d662 .av-special-heading-tag .heading-char{\nfont-size:25px;\n}\n.av-special-heading.av-1lrf8-2086069f5e79edfb88489410f9a4d662 .av-subheading{\nfont-size:15px;\n}\n<\/style>\n<div  id=\"experiencia-heading\"  class='av-special-heading av-1lrf8-2086069f5e79edfb88489410f9a4d662 av-special-heading-h4 blockquote modern-quote modern-centered  avia-builder-el-10  el_after_av_hr  el_before_av_one_half '><h4 class='av-special-heading-tag '  itemprop=\"headline\"  >Acerca de Molinos Azteca<\/h4><div class=\"special-heading-border\"><div class=\"special-heading-inner-border\"><\/div><\/div><\/div>\n\n<style type=\"text\/css\" data-created_by=\"avia_inline_auto\" id=\"style-css-av-ke3fqik1-c223c0319f2bee19e9decd2d5c193d58\">\n#top .flex_column.av-ke3fqik1-c223c0319f2bee19e9decd2d5c193d58{\nmargin-top:35px;\nmargin-bottom:10px;\n}\n.flex_column.av-ke3fqik1-c223c0319f2bee19e9decd2d5c193d58{\nborder-radius:0px 0px 0px 0px;\npadding:0px 0px 0px 0px;\nbackground-color:rgba(0,0,0,0);\n}\n.responsive #top #wrap_all .flex_column.av-ke3fqik1-c223c0319f2bee19e9decd2d5c193d58{\nmargin-top:35px;\nmargin-bottom:10px;\n}\n<\/style>\n<div  class='flex_column av-ke3fqik1-c223c0319f2bee19e9decd2d5c193d58 av_one_half  avia-builder-el-11  el_after_av_heading  el_before_av_one_half  first flex_column_div av-animated-generic left-to-right av-zero-column-padding avia-full-stretch  '     ><style type=\"text\/css\" data-created_by=\"avia_inline_auto\" id=\"style-css-av-kjt5nlug-64571d651114cc9f2ae2eeac3feec32b\">\n.avia-image-container.av-kjt5nlug-64571d651114cc9f2ae2eeac3feec32b img.avia_image{\nbox-shadow:none;\n}\n.avia-image-container.av-kjt5nlug-64571d651114cc9f2ae2eeac3feec32b .av-image-caption-overlay-center{\ncolor:#ffffff;\n}\n<\/style>\n<div  class='avia-image-container av-kjt5nlug-64571d651114cc9f2ae2eeac3feec32b av-styling- avia-align-center  avia-builder-el-12  avia-builder-el-no-sibling '   itemprop=\"image\" itemscope=\"itemscope\" itemtype=\"https:\/\/schema.org\/ImageObject\" ><div class=\"avia-image-container-inner\"><div class=\"avia-image-overlay-wrap\"><img decoding=\"async\" fetchpriority=\"high\" class='wp-image-544 avia-img-lazy-loading-not-544 avia_image ' src=\"https:\/\/www.molinosazteca.com\/equiposagropecuarios\/wp-content\/uploads\/2021\/02\/home-img-2.png\" alt='' title='home-img-2'  height=\"382\" width=\"672\"  itemprop=\"thumbnailUrl\" srcset=\"https:\/\/www.molinosazteca.com\/equiposagropecuarios\/wp-content\/uploads\/2021\/02\/home-img-2.png 672w, https:\/\/www.molinosazteca.com\/equiposagropecuarios\/wp-content\/uploads\/2021\/02\/home-img-2-300x171.png 300w, https:\/\/www.molinosazteca.com\/equiposagropecuarios\/wp-content\/uploads\/2021\/02\/home-img-2-600x341.png 600w\" sizes=\"(max-width: 672px) 100vw, 672px\" \/><\/div><\/div><\/div><\/div>\n<style type=\"text\/css\" data-created_by=\"avia_inline_auto\" id=\"style-css-av-ke3fqik1-598085461cd63079cc9745efc38df6e5\">\n#top .flex_column.av-ke3fqik1-598085461cd63079cc9745efc38df6e5{\nmargin-top:35px;\nmargin-bottom:10px;\n}\n.flex_column.av-ke3fqik1-598085461cd63079cc9745efc38df6e5{\nborder-radius:0px 0px 0px 0px;\npadding:0px 0px 0px 0px;\nbackground-color:rgba(0,0,0,0);\n}\n.responsive #top #wrap_all .flex_column.av-ke3fqik1-598085461cd63079cc9745efc38df6e5{\nmargin-top:35px;\nmargin-bottom:10px;\n}\n<\/style>\n<div  class='flex_column av-ke3fqik1-598085461cd63079cc9745efc38df6e5 av_one_half  avia-builder-el-13  el_after_av_one_half  avia-builder-el-last  flex_column_div av-animated-generic right-to-left av-zero-column-padding avia-full-stretch  '     ><style type=\"text\/css\" data-created_by=\"avia_inline_auto\" id=\"style-css-av-ke3eqxm3-6dbeb9be4c322239c6c1741a5894e939\">\n#top .av_textblock_section.av-ke3eqxm3-6dbeb9be4c322239c6c1741a5894e939 .avia_textblock{\ncolor:#0a0a0a;\n}\n<\/style>\n<section  id=\"somos-lideres-text\"  class='av_textblock_section av-ke3eqxm3-6dbeb9be4c322239c6c1741a5894e939 '   itemscope=\"itemscope\" itemtype=\"https:\/\/schema.org\/CreativeWork\" ><div class='avia_textblock av_inherit_color'  itemprop=\"text\" ><p style=\"text-align: left;\"><strong>Con m\u00e1s de 65 a\u00f1os en el mercado, somos l\u00edderes nacionales en la fabricaci\u00f3n de maquinaria agr\u00edcola para el proceso de forrajes, plantas de alimentos y recibas de grano. Hemos incursionado exitosamente en el extranjero portando como estandarte la EXPERIENCIA e INNOVACI\u00d3N en equipos y dise\u00f1os.<\/strong><\/p>\n<\/div><\/section><br \/>\n\n<style type=\"text\/css\" data-created_by=\"avia_inline_auto\" id=\"style-css-av-y8w8-84b639fe83077ea11b1645d360b7a44a\">\n#top .av-special-heading.av-y8w8-84b639fe83077ea11b1645d360b7a44a{\npadding-bottom:10px;\n}\nbody .av-special-heading.av-y8w8-84b639fe83077ea11b1645d360b7a44a .av-special-heading-tag .heading-char{\nfont-size:25px;\n}\n.av-special-heading.av-y8w8-84b639fe83077ea11b1645d360b7a44a .av-subheading{\nfont-size:15px;\n}\n<\/style>\n<div  id=\"garantizamos-heading\"  class='av-special-heading av-y8w8-84b639fe83077ea11b1645d360b7a44a av-special-heading-h5 blockquote modern-quote  avia-builder-el-15  el_after_av_textblock  avia-builder-el-last '><h5 class='av-special-heading-tag '  itemprop=\"headline\"  >Garantizamos que el desempe\u00f1o de nuestra maquinaria te dar\u00e1 mejores resultados, logrando que aproveches todos los recursos de tu campo y tu cultivo.<\/h5><div class=\"special-heading-border\"><div class=\"special-heading-inner-border\"><\/div><\/div><\/div><\/p><\/div>\n<\/div><\/div><\/div><!-- close content main div --><\/div><\/div><div id='after_section_2'  class='main_color av_default_container_wrap container_wrap fullsize'  ><div class='container av-section-cont-open' ><div class='template-page content  av-content-full alpha units'><div class='post-entry post-entry-type-page post-entry-32'><div class='entry-content-wrapper clearfix'><\/p>\n<div  class='avia-video av-kuhsbgqu-1d7a9174eda46d96b4c5bcb6aae78d64 avia-video-16-9 av-no-preview-image avia-video-load-always avia-video-html5'  itemprop=\"video\" itemtype=\"https:\/\/schema.org\/VideoObject\"  data-original_url='https:\/\/www.molinosazteca.com\/equiposagropecuarios\/wp-content\/uploads\/2024\/04\/historia-actualizada.mp4'><video class='avia_video'    preload=\"auto\"  controls id='player_32_1472045417_1563272247'><source src='https:\/\/www.molinosazteca.com\/equiposagropecuarios\/wp-content\/uploads\/2024\/04\/historia-actualizada.mp4' type='video\/mp4' \/><\/video><\/div>\n<\/div><\/div><\/div><!-- close content main div --><\/div><\/div>\n<style type=\"text\/css\" data-created_by=\"avia_inline_auto\" id=\"style-css-av-kjt5xona-c1e96fae16499418eb5c9360351a5902\">\n.avia-section.av-kjt5xona-c1e96fae16499418eb5c9360351a5902{\nbackground-repeat:no-repeat;\nbackground-image:url(https:\/\/www.molinosazteca.com\/equiposagropecuarios\/wp-content\/uploads\/2021\/01\/home-banner-2-bg.jpg);\nbackground-position:50% 50%;\nbackground-attachment:scroll;\n}\n<\/style>\n<div id='av_section_3'  class='avia-section av-kjt5xona-c1e96fae16499418eb5c9360351a5902 main_color avia-section-default avia-no-border-styling  avia-builder-el-17  el_after_av_video  avia-builder-el-last  home-banner-2 avia-bg-style-scroll container_wrap fullsize'  data-section-bg-repeat='no-repeat'><div class='container av-section-cont-open' ><div class='template-page content  av-content-full alpha units'><div class='post-entry post-entry-type-page post-entry-32'><div class='entry-content-wrapper clearfix'>\n\n<style type=\"text\/css\" data-created_by=\"avia_inline_auto\" id=\"style-css-av-1gi84-aea5277496d5f036201da2c2347ae62c\">\n.flex_column.av-1gi84-aea5277496d5f036201da2c2347ae62c{\nborder-radius:0px 0px 0px 0px;\npadding:0px 0px 0px 0px;\n}\n<\/style>\n<div  class='flex_column av-1gi84-aea5277496d5f036201da2c2347ae62c av_one_half  avia-builder-el-18  el_before_av_one_half  avia-builder-el-first  first flex_column_div av-zero-column-padding  '     ><\/div>\n<style type=\"text\/css\" data-created_by=\"avia_inline_auto\" id=\"style-css-av-phrs-228f73afa51b0bbb1e5931a9277a24c8\">\n.flex_column.av-phrs-228f73afa51b0bbb1e5931a9277a24c8{\nborder-radius:0px 0px 0px 0px;\npadding:0px 0px 0px 0px;\n}\n<\/style>\n<div  class='flex_column av-phrs-228f73afa51b0bbb1e5931a9277a24c8 av_one_half  avia-builder-el-19  el_after_av_one_half  avia-builder-el-last  flex_column_div av-animated-generic fade-in av-zero-column-padding  '     ><p>\n<style type=\"text\/css\" data-created_by=\"avia_inline_auto\" id=\"style-css-av-kjt5nlug-00a07ec4b0a9a02498694c90b4178b25\">\n.avia-image-container.av-kjt5nlug-00a07ec4b0a9a02498694c90b4178b25 img.avia_image{\nbox-shadow:none;\n}\n.avia-image-container.av-kjt5nlug-00a07ec4b0a9a02498694c90b4178b25 .av-image-caption-overlay-center{\ncolor:#ffffff;\n}\n<\/style>\n<div  class='avia-image-container av-kjt5nlug-00a07ec4b0a9a02498694c90b4178b25 av-styling- avia_animated_image av-animated-when-visible-95 fade-in avia-align-right  avia-builder-el-20  el_before_av_heading  avia-builder-el-first '   itemprop=\"image\" itemscope=\"itemscope\" itemtype=\"https:\/\/schema.org\/ImageObject\" ><div class=\"avia-image-container-inner\"><div class=\"avia-image-overlay-wrap\"><img decoding=\"async\" fetchpriority=\"high\" class='wp-image-637 avia-img-lazy-loading-not-637 avia_image ' src=\"https:\/\/www.molinosazteca.com\/equiposagropecuarios\/wp-content\/uploads\/2021\/03\/logo-molinos-azteca-blanco-fix.svg\" alt='' title='logo-molinos-azteca-blanco-fix'  height=\"300\" width=\"300\"  itemprop=\"thumbnailUrl\"  \/><\/div><\/div><\/div><br \/>\n\n<style type=\"text\/css\" data-created_by=\"avia_inline_auto\" id=\"style-css-av-15k60-fa02601c9eafc348c3c5684e111af07f\">\n#top .av-special-heading.av-15k60-fa02601c9eafc348c3c5684e111af07f{\nmargin:20px 0 0 0;\npadding-bottom:10px;\ncolor:#ffffff;\nfont-size:27px;\n}\nbody .av-special-heading.av-15k60-fa02601c9eafc348c3c5684e111af07f .av-special-heading-tag .heading-char{\nfont-size:25px;\n}\n#top #wrap_all .av-special-heading.av-15k60-fa02601c9eafc348c3c5684e111af07f .av-special-heading-tag{\nfont-size:27px;\n}\n.av-special-heading.av-15k60-fa02601c9eafc348c3c5684e111af07f .special-heading-inner-border{\nborder-color:#ffffff;\n}\n.av-special-heading.av-15k60-fa02601c9eafc348c3c5684e111af07f .av-subheading{\nfont-size:18px;\n}\n\n@media only screen and (min-width: 480px) and (max-width: 767px){ \n#top #wrap_all .av-special-heading.av-15k60-fa02601c9eafc348c3c5684e111af07f .av-special-heading-tag{\nfont-size:0.8em;\n}\n}\n\n@media only screen and (max-width: 479px){ \n#top #wrap_all .av-special-heading.av-15k60-fa02601c9eafc348c3c5684e111af07f .av-special-heading-tag{\nfont-size:0.8em;\n}\n}\n<\/style>\n<div  id=\"banner-2-heading\"  class='av-special-heading av-15k60-fa02601c9eafc348c3c5684e111af07f av-special-heading-h5 custom-color-heading blockquote modern-quote modern-right  avia-builder-el-21  el_after_av_image  el_before_av_codeblock  av-inherit-size'><h5 class='av-special-heading-tag '  itemprop=\"headline\"  >\u00bfEst\u00e1s interesado en alguno de nuestros equipos?<\/h5><div class='av_custom_color av-subheading av-subheading_below'><p>Localiza a tu distribuidor m\u00e1s cercano<\/p>\n<\/div><div class=\"special-heading-border\"><div class=\"special-heading-inner-border\"><\/div><\/div><\/div><br \/>\n<\/p><\/div>\n\n","protected":false},"excerpt":{"rendered":"","protected":false},"author":1,"featured_media":0,"parent":0,"menu_order":0,"comment_status":"closed","ping_status":"closed","template":"","meta":{"inline_featured_image":false,"footnotes":""},"class_list":["post-32","page","type-page","status-publish","hentry"],"_links":{"self":[{"href":"https:\/\/www.molinosazteca.com\/equiposagropecuarios\/wp-json\/wp\/v2\/pages\/32","targetHints":{"allow":["GET"]}}],"collection":[{"href":"https:\/\/www.molinosazteca.com\/equiposagropecuarios\/wp-json\/wp\/v2\/pages"}],"about":[{"href":"https:\/\/www.molinosazteca.com\/equiposagropecuarios\/wp-json\/wp\/v2\/types\/page"}],"author":[{"embeddable":true,"href":"https:\/\/www.molinosazteca.com\/equiposagropecuarios\/wp-json\/wp\/v2\/users\/1"}],"replies":[{"embeddable":true,"href":"https:\/\/www.molinosazteca.com\/equiposagropecuarios\/wp-json\/wp\/v2\/comments?post=32"}],"version-history":[{"count":35,"href":"https:\/\/www.molinosazteca.com\/equiposagropecuarios\/wp-json\/wp\/v2\/pages\/32\/revisions"}],"predecessor-version":[{"id":914,"href":"https:\/\/www.molinosazteca.com\/equiposagropecuarios\/wp-json\/wp\/v2\/pages\/32\/revisions\/914"}],"wp:attachment":[{"href":"https:\/\/www.molinosazteca.com\/equiposagropecuarios\/wp-json\/wp\/v2\/media?parent=32"}],"curies":[{"name":"wp","href":"https:\/\/api.w.org\/{rel}","templated":true}]}}