{"id":442,"date":"2021-01-20T15:52:06","date_gmt":"2021-01-20T15:52:06","guid":{"rendered":"https:\/\/molinos-agropecuarios.intagono.mx\/producto\/carro-mezclador\/"},"modified":"2021-01-20T17:42:42","modified_gmt":"2021-01-20T17:42:42","slug":"carro-mezclador","status":"publish","type":"product","link":"https:\/\/www.molinosazteca.com\/equiposagropecuarios\/producto\/carro-mezclador\/","title":{"rendered":"Carro Mezclador"},"content":{"rendered":"<p>CARACTER\u00cdSTICAS<br \/>\nPoca Altura, lo que facilita la carga. Rodado de alta flotaci\u00f3n que proporciona una marcha suave y amortiguada. Descarga mediante transportador de arrastre accionado por motor hidr\u00e1ulico que ofrece un servicio suave y silencioso. Control mediante cilindros hidr\u00e1ulicos de apertura de la compuerta y de altura de descarga del transportador. Fino equipo de pasaje en el cual usted puede almacenar hasta 80 f\u00f3rmulas, carga en su memoria, gran cantidad de ingredientes y tres maneras de programar sus raciones. El Carro ensilador mezclador con transportador de descarga, se fabrica en dos modalidades, con cuatro Gusanos o con Rotor, en cuatro gusanos se fabrican dos modelos: CM 270 de 7.75 metros c\u00fabicos. CM 340 de 10 metros c\u00fabicos. Con rotor se fabrica el carro modelo CMR, con 8.2 metros c\u00fabicos de capacidad.<\/p>\n","protected":false},"excerpt":{"rendered":"<p>CARRO ENSILADOR MEZCLADOR<br \/>\nPara el movimiento de granos, pastas y harinas contamos con nuestra l\u00ednea de transportadores helicoidales tipo bazooka, se fabrican en diferentes di\u00e1metros, longitudes y modalidades de transmisi\u00f3n, cuentan con una tijera de soporte y rodado para su f\u00e1cil transporte.<\/p>\n[av_button label='Ficha t\u00e9cnica' link='manually,https:\/\/molinosazteca.com\/equiposagropecuarios\/wp-content\/uploads\/2021\/01\/FT-Carro-Mezclador.pdf' link_target='_blank' size='middle' position='left' icon_select='yes' icon='ue84c' font='entypo-fontello' color='theme-color' custom_bg='#444444' custom_font='#ffffff' av_uid='av-5obiu2i']\n","protected":false},"featured_media":357,"comment_status":"open","ping_status":"closed","template":"","meta":{"inline_featured_image":false},"product_brand":[],"product_cat":[17,19],"product_tag":[],"class_list":{"0":"post-442","1":"product","2":"type-product","3":"status-publish","4":"has-post-thumbnail","6":"product_cat-equipos","7":"product_cat-carro-mezclador","9":"first","10":"instock","11":"shipping-taxable","12":"purchasable","13":"product-type-simple"},"_links":{"self":[{"href":"https:\/\/www.molinosazteca.com\/equiposagropecuarios\/wp-json\/wp\/v2\/product\/442","targetHints":{"allow":["GET"]}}],"collection":[{"href":"https:\/\/www.molinosazteca.com\/equiposagropecuarios\/wp-json\/wp\/v2\/product"}],"about":[{"href":"https:\/\/www.molinosazteca.com\/equiposagropecuarios\/wp-json\/wp\/v2\/types\/product"}],"replies":[{"embeddable":true,"href":"https:\/\/www.molinosazteca.com\/equiposagropecuarios\/wp-json\/wp\/v2\/comments?post=442"}],"wp:featuredmedia":[{"embeddable":true,"href":"https:\/\/www.molinosazteca.com\/equiposagropecuarios\/wp-json\/wp\/v2\/media\/357"}],"wp:attachment":[{"href":"https:\/\/www.molinosazteca.com\/equiposagropecuarios\/wp-json\/wp\/v2\/media?parent=442"}],"wp:term":[{"taxonomy":"product_brand","embeddable":true,"href":"https:\/\/www.molinosazteca.com\/equiposagropecuarios\/wp-json\/wp\/v2\/product_brand?post=442"},{"taxonomy":"product_cat","embeddable":true,"href":"https:\/\/www.molinosazteca.com\/equiposagropecuarios\/wp-json\/wp\/v2\/product_cat?post=442"},{"taxonomy":"product_tag","embeddable":true,"href":"https:\/\/www.molinosazteca.com\/equiposagropecuarios\/wp-json\/wp\/v2\/product_tag?post=442"}],"curies":[{"name":"wp","href":"https:\/\/api.w.org\/{rel}","templated":true}]}}