{"id":443,"date":"2021-01-20T15:52:06","date_gmt":"2021-01-20T15:52:06","guid":{"rendered":"https:\/\/molinos-agropecuarios.intagono.mx\/producto\/cosechadora-molino\/"},"modified":"2021-10-25T17:31:14","modified_gmt":"2021-10-25T17:31:14","slug":"cosechadora-molino","status":"publish","type":"product","link":"https:\/\/www.molinosazteca.com\/equiposagropecuarios\/producto\/cosechadora-molino\/","title":{"rendered":"Cosechadora Molino"},"content":{"rendered":"<p>CARACTER\u00cdSTICAS<br \/>\nEl producto molido puede encostalarse en una plataforma que tiene el equipo en la parte trasera o enviarse mediante tuber\u00eda y un cicl\u00f3n a un remolque, la cosechadora cuenta con un tir\u00f3n para enganchar el remolque. La cosechadora molino realiza la molienda mediante un molino Azteca No. 24, por lo que requiere una potencia de 90 HP a la toma de fuerza.<\/p>\n","protected":false},"excerpt":{"rendered":"<p>COSECHADORA MOLINO<br \/>\nEquipo que cuenta con un cabezal y al ser remolcado con el tractor permite cortar un surco de ma\u00edz seco en pie y molerlo.<\/p>\n<p>[av_button label='Ficha t\u00e9cnica' link='manually,https:\/\/www.molinosazteca.com\/equiposagropecuarios\/wp-content\/uploads\/2021\/10\/FT-Cosechadora-Molino.pdf' link_target='_blank' size='middle' position='left' icon_select='yes' icon='ue84c' font='entypo-fontello' color='theme-color' custom_bg='#444444' custom_font='#ffffff' av_uid='av-5obiu2i'] [av_button label='Ver video' link='manually,\/wp-content\/uploads\/2021\/03\/cosechadora-molino.mp4?iframe=true' size='middle' position='left' icon_select='yes' icon='ue885' font='entypo-fontello' color='theme-color' custom_bg='#444444' custom_font='#ffffff' av_uid='av-5obiu2i']<\/p>\n<p><iframe loading=\"lazy\" title=\"YouTube video player\" src=\"https:\/\/www.youtube.com\/embed\/jjBHIsC_uVc\" width=\"560\" height=\"315\" frameborder=\"0\" allowfullscreen=\"allowfullscreen\"><\/iframe><\/p>\n","protected":false},"featured_media":361,"comment_status":"open","ping_status":"closed","template":"","meta":{"inline_featured_image":false},"product_brand":[],"product_cat":[17,20],"product_tag":[],"class_list":{"0":"post-443","1":"product","2":"type-product","3":"status-publish","4":"has-post-thumbnail","6":"product_cat-equipos","7":"product_cat-cosechadoras-molino","9":"first","10":"instock","11":"shipping-taxable","12":"purchasable","13":"product-type-simple"},"_links":{"self":[{"href":"https:\/\/www.molinosazteca.com\/equiposagropecuarios\/wp-json\/wp\/v2\/product\/443","targetHints":{"allow":["GET"]}}],"collection":[{"href":"https:\/\/www.molinosazteca.com\/equiposagropecuarios\/wp-json\/wp\/v2\/product"}],"about":[{"href":"https:\/\/www.molinosazteca.com\/equiposagropecuarios\/wp-json\/wp\/v2\/types\/product"}],"replies":[{"embeddable":true,"href":"https:\/\/www.molinosazteca.com\/equiposagropecuarios\/wp-json\/wp\/v2\/comments?post=443"}],"wp:featuredmedia":[{"embeddable":true,"href":"https:\/\/www.molinosazteca.com\/equiposagropecuarios\/wp-json\/wp\/v2\/media\/361"}],"wp:attachment":[{"href":"https:\/\/www.molinosazteca.com\/equiposagropecuarios\/wp-json\/wp\/v2\/media?parent=443"}],"wp:term":[{"taxonomy":"product_brand","embeddable":true,"href":"https:\/\/www.molinosazteca.com\/equiposagropecuarios\/wp-json\/wp\/v2\/product_brand?post=443"},{"taxonomy":"product_cat","embeddable":true,"href":"https:\/\/www.molinosazteca.com\/equiposagropecuarios\/wp-json\/wp\/v2\/product_cat?post=443"},{"taxonomy":"product_tag","embeddable":true,"href":"https:\/\/www.molinosazteca.com\/equiposagropecuarios\/wp-json\/wp\/v2\/product_tag?post=443"}],"curies":[{"name":"wp","href":"https:\/\/api.w.org\/{rel}","templated":true}]}}