{"id":444,"date":"2021-01-20T15:52:06","date_gmt":"2021-01-20T15:52:06","guid":{"rendered":"https:\/\/molinos-agropecuarios.intagono.mx\/producto\/desgranadora-de-maiz\/"},"modified":"2021-01-20T17:56:51","modified_gmt":"2021-01-20T17:56:51","slug":"desgranadora-de-maiz","status":"publish","type":"product","link":"https:\/\/www.molinosazteca.com\/equiposagropecuarios\/producto\/desgranadora-de-maiz\/","title":{"rendered":"Desgranadora de Maiz"},"content":{"rendered":"<p>CARACTER\u00cdSTICAS<br \/>\nCuentan con un cilindro perfectamente balanceado, compuerta reguladora a la salida del olote para desgranar cualquier tama\u00f1o de mazorca, ventilador para succionar el tamo. Las desgranadoras est\u00e1n dise\u00f1adas para trabajar con mazorcas sin hoja y est\u00e1n disponibles con acoplamiento a la toma de fuerza del tractor o motor de combusti\u00f3n o motor el\u00e9ctrico. Se fabrican en tres modelos: 1.5 Tons\/Hr 3.5 Tons\/Hr 5.5 Tons\/Hr<\/p>\n","protected":false},"excerpt":{"rendered":"<p>DESGRANADORA DE MAIZ<br \/>\nLas desgranadoras de ma\u00edz Azteca est\u00e1n fabricadas con materiales de primera calidad.<\/p>\n[av_button label='Ficha t\u00e9cnica' link='manually,https:\/\/molinosazteca.com\/equiposagropecuarios\/wp-content\/uploads\/2021\/01\/FT-Desgranadora.pdf' link_target='_blank' size='middle' position='left' icon_select='yes' icon='ue84c' font='entypo-fontello' color='theme-color' custom_bg='#444444' custom_font='#ffffff' av_uid='av-5obiu2i']\n","protected":false},"featured_media":365,"comment_status":"open","ping_status":"closed","template":"","meta":{"inline_featured_image":false},"product_brand":[],"product_cat":[17,22],"product_tag":[],"class_list":{"0":"post-444","1":"product","2":"type-product","3":"status-publish","4":"has-post-thumbnail","6":"product_cat-equipos","7":"product_cat-desgranadoras","9":"first","10":"instock","11":"shipping-taxable","12":"purchasable","13":"product-type-simple"},"_links":{"self":[{"href":"https:\/\/www.molinosazteca.com\/equiposagropecuarios\/wp-json\/wp\/v2\/product\/444","targetHints":{"allow":["GET"]}}],"collection":[{"href":"https:\/\/www.molinosazteca.com\/equiposagropecuarios\/wp-json\/wp\/v2\/product"}],"about":[{"href":"https:\/\/www.molinosazteca.com\/equiposagropecuarios\/wp-json\/wp\/v2\/types\/product"}],"replies":[{"embeddable":true,"href":"https:\/\/www.molinosazteca.com\/equiposagropecuarios\/wp-json\/wp\/v2\/comments?post=444"}],"wp:featuredmedia":[{"embeddable":true,"href":"https:\/\/www.molinosazteca.com\/equiposagropecuarios\/wp-json\/wp\/v2\/media\/365"}],"wp:attachment":[{"href":"https:\/\/www.molinosazteca.com\/equiposagropecuarios\/wp-json\/wp\/v2\/media?parent=444"}],"wp:term":[{"taxonomy":"product_brand","embeddable":true,"href":"https:\/\/www.molinosazteca.com\/equiposagropecuarios\/wp-json\/wp\/v2\/product_brand?post=444"},{"taxonomy":"product_cat","embeddable":true,"href":"https:\/\/www.molinosazteca.com\/equiposagropecuarios\/wp-json\/wp\/v2\/product_cat?post=444"},{"taxonomy":"product_tag","embeddable":true,"href":"https:\/\/www.molinosazteca.com\/equiposagropecuarios\/wp-json\/wp\/v2\/product_tag?post=444"}],"curies":[{"name":"wp","href":"https:\/\/api.w.org\/{rel}","templated":true}]}}