{"id":446,"date":"2021-01-20T15:52:07","date_gmt":"2021-01-20T15:52:07","guid":{"rendered":"https:\/\/molinos-agropecuarios.intagono.mx\/producto\/desvaradora-molino-30\/"},"modified":"2021-10-04T21:57:31","modified_gmt":"2021-10-04T21:57:31","slug":"desvaradora-molino-30","status":"publish","type":"product","link":"https:\/\/www.molinosazteca.com\/equiposagropecuarios\/producto\/desvaradora-molino-30\/","title":{"rendered":"Desvaradora Molino 30"},"content":{"rendered":"<p>CARACTER\u00cdSTICAS<br \/>\nAl igual que la Desvaradora Molino 24, la 30 es un equipo que al ser remolcado con el tractor permite cortar los esquilmos de la cosecha del ma\u00edz, levantarlos y molerlos o si se desea provechar al m\u00e1ximo los esquilmos, la maquina puede pasar recogiendo las hileras del rastrojo de ma\u00edz desvarado e hilerado levantarlas y molerlas, tambi\u00e9n combina una cabezal de cuchillas con un molino.<\/p>\n","protected":false},"excerpt":{"rendered":"<p>DESVARADORA MOLINO 30<br \/>\nTiene un rendimiento aprox. de 3,200 kg y requiere un tractor de 100 HP a la toma de fuerza a 1,000 RPM, por la capacidad del equipo, no esta disponible para encostalar, solo para enviar a remolque o cami\u00f3n.<\/p>\n<p>[av_button label='Ficha t\u00e9cnica' link='manually,https:\/\/molinosazteca.com\/equiposagropecuarios\/wp-content\/uploads\/2021\/01\/FT-Desvaradora30.pdf' link_target='_blank' size='middle' position='left' icon_select='yes' icon='ue84c' font='entypo-fontello' color='theme-color' custom_bg='#444444' custom_font='#ffffff' av_uid='av-5obiu2i'] [av_button label='Ver video' link='manually,\/wp-content\/uploads\/2021\/03\/desvaradora-molino-30.mp4?iframe=true' size='middle' position='left' icon_select='yes' icon='ue885' font='entypo-fontello' color='theme-color' custom_bg='#444444' custom_font='#ffffff' av_uid='av-5obiu2i']<\/p>\n<p><iframe loading=\"lazy\" width=\"560\" height=\"315\" src=\"https:\/\/www.youtube.com\/embed\/gRPLItps8Ho\" title=\"YouTube video player\" frameborder=\"0\" allow=\"accelerometer; autoplay; clipboard-write; encrypted-media; gyroscope; picture-in-picture\" allowfullscreen><\/iframe><\/p>\n","protected":false},"featured_media":373,"comment_status":"open","ping_status":"closed","template":"","meta":{"inline_featured_image":false},"product_brand":[],"product_cat":[17,24],"product_tag":[],"class_list":{"0":"post-446","1":"product","2":"type-product","3":"status-publish","4":"has-post-thumbnail","6":"product_cat-equipos","7":"product_cat-desvaradoras-molino","9":"first","10":"instock","11":"shipping-taxable","12":"purchasable","13":"product-type-simple"},"_links":{"self":[{"href":"https:\/\/www.molinosazteca.com\/equiposagropecuarios\/wp-json\/wp\/v2\/product\/446","targetHints":{"allow":["GET"]}}],"collection":[{"href":"https:\/\/www.molinosazteca.com\/equiposagropecuarios\/wp-json\/wp\/v2\/product"}],"about":[{"href":"https:\/\/www.molinosazteca.com\/equiposagropecuarios\/wp-json\/wp\/v2\/types\/product"}],"replies":[{"embeddable":true,"href":"https:\/\/www.molinosazteca.com\/equiposagropecuarios\/wp-json\/wp\/v2\/comments?post=446"}],"wp:featuredmedia":[{"embeddable":true,"href":"https:\/\/www.molinosazteca.com\/equiposagropecuarios\/wp-json\/wp\/v2\/media\/373"}],"wp:attachment":[{"href":"https:\/\/www.molinosazteca.com\/equiposagropecuarios\/wp-json\/wp\/v2\/media?parent=446"}],"wp:term":[{"taxonomy":"product_brand","embeddable":true,"href":"https:\/\/www.molinosazteca.com\/equiposagropecuarios\/wp-json\/wp\/v2\/product_brand?post=446"},{"taxonomy":"product_cat","embeddable":true,"href":"https:\/\/www.molinosazteca.com\/equiposagropecuarios\/wp-json\/wp\/v2\/product_cat?post=446"},{"taxonomy":"product_tag","embeddable":true,"href":"https:\/\/www.molinosazteca.com\/equiposagropecuarios\/wp-json\/wp\/v2\/product_tag?post=446"}],"curies":[{"name":"wp","href":"https:\/\/api.w.org\/{rel}","templated":true}]}}