{"id":455,"date":"2021-01-20T15:53:07","date_gmt":"2021-01-20T15:53:07","guid":{"rendered":"https:\/\/molinos-agropecuarios.intagono.mx\/producto\/mezcladoras-horizontales\/"},"modified":"2022-01-11T21:38:51","modified_gmt":"2022-01-11T21:38:51","slug":"mezcladoras-horizontales","status":"publish","type":"product","link":"https:\/\/www.molinosazteca.com\/equiposagropecuarios\/producto\/mezcladoras-horizontales\/","title":{"rendered":"Mezcladoras Horizontales"},"content":{"rendered":"<p>CARACTER\u00cdSTICAS<br \/>\nLas mezcladoras horizontales de cintas est\u00e1n dise\u00f1adas para trabajar con un m\u00e1ximo del 3% de l\u00edquidos, mientras que las de paletas pueden trabajar con un m\u00e1ximo del 10% de l\u00edquidos en la formula. Las mezcladoras horizontales est\u00e1n disponibles en capacidades de 250, 500, 1,000 y 2,000 kg tanto en cintas como en paletas.Con transmisi\u00f3n a motor el\u00e9ctrico, motorreductor, a la toma de fuerza del tractor y en las mezcladoras de 250 y 500 a motor de combusti\u00f3n interna, estos equipos cuentan con una descarga directa tipo encostalador ubicada en un extremo de la mezcladora. Para facilitar la carga de los ingredientes s\u00f3lidos se ofrece como opci\u00f3n el transportador helicoidal para lastre, y para la adici\u00f3n de l\u00edquidos se tienen bombas de melaza, tanques dosificadores y tanques agitadores para preparar la melaza de d\u00eda. Debido a las diferencias entre las velocidades de los motores el\u00e9ctricos, motores de gasolina y la toma de fuerza del tractor, las mezcladoras horizontales solo pueden tener un tipo de transmisi\u00f3n<\/p>\n","protected":false},"excerpt":{"rendered":"<p>MEZCLADORAS HORIZONTALES<br \/>\nPara la preparaci\u00f3n de alimentos balanceados con un alto grado de calidad se tienen disponibles las mezcladoras horizontales tanto en rotor de cintas como en rotor de paletas, estos equipos permiten el uso en bajas cantidades de ingredientes de dif\u00edcil manejo como lastres y melaza.<\/p>\n[av_button label='Ficha t\u00e9cnica' link='manually,https:\/\/www.molinosazteca.com\/equiposagropecuarios\/wp-content\/uploads\/2022\/01\/FT_Mezcladora_Horizontal_01112022.pdf' link_target='_blank' size='middle' position='left' icon_select='yes' icon='ue84c' font='entypo-fontello' color='theme-color' custom_bg='#444444' custom_font='#ffffff' av_uid='av-5obiu2i']\n","protected":false},"featured_media":388,"comment_status":"open","ping_status":"closed","template":"","meta":{"inline_featured_image":false},"product_brand":[],"product_cat":[17,27],"product_tag":[],"class_list":{"0":"post-455","1":"product","2":"type-product","3":"status-publish","4":"has-post-thumbnail","6":"product_cat-equipos","7":"product_cat-mezcladora-horizontal","9":"first","10":"instock","11":"shipping-taxable","12":"purchasable","13":"product-type-simple"},"_links":{"self":[{"href":"https:\/\/www.molinosazteca.com\/equiposagropecuarios\/wp-json\/wp\/v2\/product\/455","targetHints":{"allow":["GET"]}}],"collection":[{"href":"https:\/\/www.molinosazteca.com\/equiposagropecuarios\/wp-json\/wp\/v2\/product"}],"about":[{"href":"https:\/\/www.molinosazteca.com\/equiposagropecuarios\/wp-json\/wp\/v2\/types\/product"}],"replies":[{"embeddable":true,"href":"https:\/\/www.molinosazteca.com\/equiposagropecuarios\/wp-json\/wp\/v2\/comments?post=455"}],"wp:featuredmedia":[{"embeddable":true,"href":"https:\/\/www.molinosazteca.com\/equiposagropecuarios\/wp-json\/wp\/v2\/media\/388"}],"wp:attachment":[{"href":"https:\/\/www.molinosazteca.com\/equiposagropecuarios\/wp-json\/wp\/v2\/media?parent=455"}],"wp:term":[{"taxonomy":"product_brand","embeddable":true,"href":"https:\/\/www.molinosazteca.com\/equiposagropecuarios\/wp-json\/wp\/v2\/product_brand?post=455"},{"taxonomy":"product_cat","embeddable":true,"href":"https:\/\/www.molinosazteca.com\/equiposagropecuarios\/wp-json\/wp\/v2\/product_cat?post=455"},{"taxonomy":"product_tag","embeddable":true,"href":"https:\/\/www.molinosazteca.com\/equiposagropecuarios\/wp-json\/wp\/v2\/product_tag?post=455"}],"curies":[{"name":"wp","href":"https:\/\/api.w.org\/{rel}","templated":true}]}}