{"id":456,"date":"2021-01-20T15:53:08","date_gmt":"2021-01-20T15:53:08","guid":{"rendered":"https:\/\/molinos-agropecuarios.intagono.mx\/producto\/mezcladoras-verticales\/"},"modified":"2021-10-04T18:46:57","modified_gmt":"2021-10-04T18:46:57","slug":"mezcladoras-verticales","status":"publish","type":"product","link":"https:\/\/www.molinosazteca.com\/equiposagropecuarios\/producto\/mezcladoras-verticales\/","title":{"rendered":"Mezcladoras Verticales"},"content":{"rendered":"<p>CARACTER\u00cdSTICAS<br \/>\nLas Mezcladoras verticales est\u00e1n dise\u00f1adas para la elaboraci\u00f3n de alimentos balanceados para animales a base de harinas pastas y concentrados \u00fanicamente, se fabrican con tolva al piso y con tolva giratoria, en el caso de las mezcladoras de tolva al piso, su dise\u00f1o permite que la carga de los ingredientes en la maquina sea m\u00e1s f\u00e1cil ya que la tolva de carga queda del nivel de piso hacia abajo, es decir queda enterrada, por lo que es necesario abrir un hueco en el piso para poder hacer la instalaci\u00f3n de la misma, en el caso de las de las mezcladoras con tolva giratoria su dise\u00f1o permite que al momento de limpiar la maquina por cambio de formula, ya que la tolva de carga queda arriba del nivel de piso, y esto permite que se pueda girar y deje al descubierto la boca de alimentaci\u00f3n del gusano, con esto se logra una limpieza m\u00e1s profunda evitando residuos de la formula anterior, aunque esto implica que los ingredientes se tengan que elevar para poder vaciarlos en la tolva de carga.<\/p>\n","protected":false},"excerpt":{"rendered":"<p>MEZCLADORAS VERTICALES<br \/>\nLas mezcladoras verticales se fabrican en varias capacidades y pueden trabajar con motor el\u00e9ctrico, o motor de gasolina o a la toma de fuerza del tractor. Las caracter\u00edsticas de cada modelo las puede ver en el folleto correspondiente.<\/p>\n[av_button label='Ficha t\u00e9cnica' link='manually,https:\/\/www.molinosazteca.com\/equiposagropecuarios\/wp-content\/uploads\/2021\/01\/FT-Mezlcadora-vertical.pdf' link_target='_blank' size='middle' position='left' icon_select='yes' icon='ue84c' font='entypo-fontello' color='theme-color' custom_bg='#444444' custom_font='#ffffff' av_uid='av-5obiu2i']\n<p><iframe loading=\"lazy\" width=\"560\" height=\"315\" src=\"https:\/\/www.youtube.com\/embed\/gewy7hpWfnQ\" title=\"YouTube video player\" frameborder=\"0\" allow=\"accelerometer; autoplay; clipboard-write; encrypted-media; gyroscope; picture-in-picture\" allowfullscreen><\/iframe><\/p>\n","protected":false},"featured_media":393,"comment_status":"open","ping_status":"closed","template":"","meta":{"inline_featured_image":false},"product_brand":[],"product_cat":[17,43],"product_tag":[],"class_list":{"0":"post-456","1":"product","2":"type-product","3":"status-publish","4":"has-post-thumbnail","6":"product_cat-equipos","7":"product_cat-mezcladoras-verticales","9":"first","10":"instock","11":"shipping-taxable","12":"purchasable","13":"product-type-simple"},"_links":{"self":[{"href":"https:\/\/www.molinosazteca.com\/equiposagropecuarios\/wp-json\/wp\/v2\/product\/456","targetHints":{"allow":["GET"]}}],"collection":[{"href":"https:\/\/www.molinosazteca.com\/equiposagropecuarios\/wp-json\/wp\/v2\/product"}],"about":[{"href":"https:\/\/www.molinosazteca.com\/equiposagropecuarios\/wp-json\/wp\/v2\/types\/product"}],"replies":[{"embeddable":true,"href":"https:\/\/www.molinosazteca.com\/equiposagropecuarios\/wp-json\/wp\/v2\/comments?post=456"}],"wp:featuredmedia":[{"embeddable":true,"href":"https:\/\/www.molinosazteca.com\/equiposagropecuarios\/wp-json\/wp\/v2\/media\/393"}],"wp:attachment":[{"href":"https:\/\/www.molinosazteca.com\/equiposagropecuarios\/wp-json\/wp\/v2\/media?parent=456"}],"wp:term":[{"taxonomy":"product_brand","embeddable":true,"href":"https:\/\/www.molinosazteca.com\/equiposagropecuarios\/wp-json\/wp\/v2\/product_brand?post=456"},{"taxonomy":"product_cat","embeddable":true,"href":"https:\/\/www.molinosazteca.com\/equiposagropecuarios\/wp-json\/wp\/v2\/product_cat?post=456"},{"taxonomy":"product_tag","embeddable":true,"href":"https:\/\/www.molinosazteca.com\/equiposagropecuarios\/wp-json\/wp\/v2\/product_tag?post=456"}],"curies":[{"name":"wp","href":"https:\/\/api.w.org\/{rel}","templated":true}]}}