{"id":460,"date":"2021-01-20T15:53:22","date_gmt":"2021-01-20T15:53:22","guid":{"rendered":"https:\/\/molinos-agropecuarios.intagono.mx\/producto\/molino-con-levante-nuevo-diseno-y-tf\/"},"modified":"2021-02-18T19:46:40","modified_gmt":"2021-02-18T19:46:40","slug":"molino-con-levante-nuevo-diseno-y-tf","status":"publish","type":"product","link":"https:\/\/www.molinosazteca.com\/equiposagropecuarios\/producto\/molino-con-levante-nuevo-diseno-y-tf\/","title":{"rendered":"Molino con Levante Nuevo Dise\u00f1o y TF"},"content":{"rendered":"<p>CARACTER\u00cdSTICAS<br \/>\nLos Molinos de martillos con ventilador est\u00e1n dise\u00f1ados para la molienda de granos y forrajes secos, se fabrican en acero al carb\u00f3n, con levante nuevo dise\u00f1o a los tres puntos del tractor, toma de fuerza y cicl\u00f3n giratorio, este tipo de levante permite que el molino quede sentado a nivel de piso, por lo que la boca de alimentaci\u00f3n queda mas abajo que la de los molinos de remolque y levante tradicional.<\/p>\n","protected":false},"excerpt":{"rendered":"<p>MOLINO CON LEVANTE NUEVO DISE\u00d1O Y TF<br \/>\nNuestra l\u00ednea de molinos para tractor cuenta con toma de fuerza de importaci\u00f3n, rin agricola y llantas rodado 15 nuevas. El molino con levante nuevo dise\u00f1o solo est\u00e1 disponible en los tama\u00f1os No. 20 y No. 24.<\/p>\n[av_button label='Ficha t\u00e9cnica' link='manually,https:\/\/molinosazteca.com\/equiposagropecuarios\/wp-content\/uploads\/2021\/01\/FT-Molino-levante-tf.pdf' link_target='_blank' size='middle' position='left' icon_select='yes' icon='ue84c' font='entypo-fontello' color='theme-color' custom_bg='#444444' custom_font='#ffffff' av_uid='av-5obiu2i']\n","protected":false},"featured_media":424,"comment_status":"open","ping_status":"closed","template":"","meta":{"inline_featured_image":false},"product_brand":[],"product_cat":[17,38],"product_tag":[],"class_list":{"0":"post-460","1":"product","2":"type-product","3":"status-publish","4":"has-post-thumbnail","6":"product_cat-equipos","7":"product_cat-molinos-de-martillos","9":"first","10":"instock","11":"featured","12":"shipping-taxable","13":"purchasable","14":"product-type-simple"},"_links":{"self":[{"href":"https:\/\/www.molinosazteca.com\/equiposagropecuarios\/wp-json\/wp\/v2\/product\/460","targetHints":{"allow":["GET"]}}],"collection":[{"href":"https:\/\/www.molinosazteca.com\/equiposagropecuarios\/wp-json\/wp\/v2\/product"}],"about":[{"href":"https:\/\/www.molinosazteca.com\/equiposagropecuarios\/wp-json\/wp\/v2\/types\/product"}],"replies":[{"embeddable":true,"href":"https:\/\/www.molinosazteca.com\/equiposagropecuarios\/wp-json\/wp\/v2\/comments?post=460"}],"wp:featuredmedia":[{"embeddable":true,"href":"https:\/\/www.molinosazteca.com\/equiposagropecuarios\/wp-json\/wp\/v2\/media\/424"}],"wp:attachment":[{"href":"https:\/\/www.molinosazteca.com\/equiposagropecuarios\/wp-json\/wp\/v2\/media?parent=460"}],"wp:term":[{"taxonomy":"product_brand","embeddable":true,"href":"https:\/\/www.molinosazteca.com\/equiposagropecuarios\/wp-json\/wp\/v2\/product_brand?post=460"},{"taxonomy":"product_cat","embeddable":true,"href":"https:\/\/www.molinosazteca.com\/equiposagropecuarios\/wp-json\/wp\/v2\/product_cat?post=460"},{"taxonomy":"product_tag","embeddable":true,"href":"https:\/\/www.molinosazteca.com\/equiposagropecuarios\/wp-json\/wp\/v2\/product_tag?post=460"}],"curies":[{"name":"wp","href":"https:\/\/api.w.org\/{rel}","templated":true}]}}