{"id":462,"date":"2021-01-20T15:53:23","date_gmt":"2021-01-20T15:53:23","guid":{"rendered":"https:\/\/molinos-agropecuarios.intagono.mx\/producto\/molinos-con-encostalador\/"},"modified":"2025-07-28T21:48:20","modified_gmt":"2025-07-28T21:48:20","slug":"molinos-con-encostalador","status":"publish","type":"product","link":"https:\/\/www.molinosazteca.com\/equiposagropecuarios\/producto\/molinos-con-encostalador\/","title":{"rendered":"Molinos con Encostalador"},"content":{"rendered":"<p>CARACTER\u00cdSTICAS<br \/>\nLos molinos Azteca con encostalador est\u00e1n disponibles solos, con base, polea y bandas, si lo requiere, con motor el\u00e9ctrico o motor de combusti\u00f3n interna. Los molinos de encostalador se fabrican en los tama\u00f1os 6, 8,12, 16, 20 y 24. Los molinos de encostalador disponibles para acoplarse a motores de combusti\u00f3n, son los tama\u00f1os: 6, 8, 12 y 16 \u00fanicamente.<\/p>\n","protected":false},"excerpt":{"rendered":"<p>MOLINOS CON ENCOSTALADOR<br \/>\nLos molinos con encostalador lateral Azteca, est\u00e1n dise\u00f1ados para la molienda de granos y forrajes secos, se fabrican en acero al carb\u00f3n. Este tipo de molino es mas com\u00fanmente usado para la molienda de granos, las harinas se envasan directamente por un lado.<\/p>\n[av_button label='Ficha t\u00e9cnica' link='manually,https:\/\/www.molinosazteca.com\/equiposagropecuarios\/wp-content\/uploads\/2025\/07\/FT-Molino-encostalador-0725.pdf' link_target='_blank' size='middle' position='left' icon_select='yes' icon='ue84c' font='entypo-fontello' color='theme-color' custom_bg='#444444' custom_font='#ffffff' av_uid='av-5obiu2i']\n","protected":false},"featured_media":399,"comment_status":"open","ping_status":"closed","template":"","meta":{"inline_featured_image":false},"product_brand":[],"product_cat":[17,38],"product_tag":[],"class_list":{"0":"post-462","1":"product","2":"type-product","3":"status-publish","4":"has-post-thumbnail","6":"product_cat-equipos","7":"product_cat-molinos-de-martillos","9":"first","10":"instock","11":"featured","12":"shipping-taxable","13":"purchasable","14":"product-type-simple"},"_links":{"self":[{"href":"https:\/\/www.molinosazteca.com\/equiposagropecuarios\/wp-json\/wp\/v2\/product\/462","targetHints":{"allow":["GET"]}}],"collection":[{"href":"https:\/\/www.molinosazteca.com\/equiposagropecuarios\/wp-json\/wp\/v2\/product"}],"about":[{"href":"https:\/\/www.molinosazteca.com\/equiposagropecuarios\/wp-json\/wp\/v2\/types\/product"}],"replies":[{"embeddable":true,"href":"https:\/\/www.molinosazteca.com\/equiposagropecuarios\/wp-json\/wp\/v2\/comments?post=462"}],"wp:featuredmedia":[{"embeddable":true,"href":"https:\/\/www.molinosazteca.com\/equiposagropecuarios\/wp-json\/wp\/v2\/media\/399"}],"wp:attachment":[{"href":"https:\/\/www.molinosazteca.com\/equiposagropecuarios\/wp-json\/wp\/v2\/media?parent=462"}],"wp:term":[{"taxonomy":"product_brand","embeddable":true,"href":"https:\/\/www.molinosazteca.com\/equiposagropecuarios\/wp-json\/wp\/v2\/product_brand?post=462"},{"taxonomy":"product_cat","embeddable":true,"href":"https:\/\/www.molinosazteca.com\/equiposagropecuarios\/wp-json\/wp\/v2\/product_cat?post=462"},{"taxonomy":"product_tag","embeddable":true,"href":"https:\/\/www.molinosazteca.com\/equiposagropecuarios\/wp-json\/wp\/v2\/product_tag?post=462"}],"curies":[{"name":"wp","href":"https:\/\/api.w.org\/{rel}","templated":true}]}}