{"id":466,"date":"2021-01-20T15:53:53","date_gmt":"2021-01-20T15:53:53","guid":{"rendered":"https:\/\/molinos-agropecuarios.intagono.mx\/producto\/quebrador-de-grano\/"},"modified":"2021-07-28T17:37:09","modified_gmt":"2021-07-28T17:37:09","slug":"quebrador-de-grano","status":"publish","type":"product","link":"https:\/\/www.molinosazteca.com\/equiposagropecuarios\/producto\/quebrador-de-grano\/","title":{"rendered":"Quebrador de Grano"},"content":{"rendered":"<p>CARACTER\u00cdSTICAS<br \/>\nTenemos dos tama\u00f1os de quebradores uno con capacidad nominal de 4 toneladas por hora, dependiendo de las condiciones del ma\u00edz a quebrar. Requiere motor de 7.5 HP 4 polos, cuando incluye separador de harinas se requiere un motor de 10 HP., el otro es de 1 tonelada por hora, dependiendo de las condiciones del ma\u00edz a quebrar. Requiere motor de 5 HP 4 polos, incluyendo el separador de harinas.<\/p>\n","protected":false},"excerpt":{"rendered":"<p>QUEBRADOR DE GRANO<br \/>\nEl Quebrador de grano est\u00e1 fabricado en placa 3\/8\u201d Cuenta con dos rodillos de 5 \u00bd\u201d de di\u00e1metro, con flechas de 1 \u00bd\u201d, Transmisi\u00f3n 2 bandas 2B-45 y dos bandas B-48. El quebrador cuenta con una joroba magn\u00e9tica con un im\u00e1n de retenci\u00f3n de metales con dimensiones de 6\u201d x 8\u201d y 1\u201d de espesor. Dos compuertas de guillotinas, una de tornillo para controlar la alimentaci\u00f3n y otra de cierre r\u00e1pido.<\/p>\n[av_button label='Ficha t\u00e9cnica' link='manually,https:\/\/www.molinosazteca.com\/equiposagropecuarios\/wp-content\/uploads\/2021\/07\/QUEBRADORES-DE-MAIZ_compressed.pdf' link_target='_blank' size='middle' position='left' icon_select='yes' icon='ue84c' font='entypo-fontello' color='theme-color' custom_bg='#444444' custom_font='#ffffff' av_uid='av-5obiu2i']\n<p>&nbsp;<\/p>\n<p>https:\/\/www.molinosazteca.com\/equiposagropecuarios\/wp-content\/uploads\/2021\/07\/QUEBRADORES-DE-MAIZ_compressed.pdf<\/p>\n","protected":false},"featured_media":464,"comment_status":"open","ping_status":"closed","template":"","meta":{"inline_featured_image":false},"product_brand":[],"product_cat":[17,46],"product_tag":[],"class_list":{"0":"post-466","1":"product","2":"type-product","3":"status-publish","4":"has-post-thumbnail","6":"product_cat-equipos","7":"product_cat-quebrador-de-grano","9":"first","10":"instock","11":"shipping-taxable","12":"purchasable","13":"product-type-simple"},"_links":{"self":[{"href":"https:\/\/www.molinosazteca.com\/equiposagropecuarios\/wp-json\/wp\/v2\/product\/466","targetHints":{"allow":["GET"]}}],"collection":[{"href":"https:\/\/www.molinosazteca.com\/equiposagropecuarios\/wp-json\/wp\/v2\/product"}],"about":[{"href":"https:\/\/www.molinosazteca.com\/equiposagropecuarios\/wp-json\/wp\/v2\/types\/product"}],"replies":[{"embeddable":true,"href":"https:\/\/www.molinosazteca.com\/equiposagropecuarios\/wp-json\/wp\/v2\/comments?post=466"}],"wp:featuredmedia":[{"embeddable":true,"href":"https:\/\/www.molinosazteca.com\/equiposagropecuarios\/wp-json\/wp\/v2\/media\/464"}],"wp:attachment":[{"href":"https:\/\/www.molinosazteca.com\/equiposagropecuarios\/wp-json\/wp\/v2\/media?parent=466"}],"wp:term":[{"taxonomy":"product_brand","embeddable":true,"href":"https:\/\/www.molinosazteca.com\/equiposagropecuarios\/wp-json\/wp\/v2\/product_brand?post=466"},{"taxonomy":"product_cat","embeddable":true,"href":"https:\/\/www.molinosazteca.com\/equiposagropecuarios\/wp-json\/wp\/v2\/product_cat?post=466"},{"taxonomy":"product_tag","embeddable":true,"href":"https:\/\/www.molinosazteca.com\/equiposagropecuarios\/wp-json\/wp\/v2\/product_tag?post=466"}],"curies":[{"name":"wp","href":"https:\/\/api.w.org\/{rel}","templated":true}]}}