{"id":477,"date":"2021-01-20T15:55:08","date_gmt":"2021-01-20T15:55:08","guid":{"rendered":"https:\/\/molinos-agropecuarios.intagono.mx\/producto\/chumaceras\/"},"modified":"2021-02-08T19:36:10","modified_gmt":"2021-02-08T19:36:10","slug":"chumaceras","status":"publish","type":"product","link":"https:\/\/www.molinosazteca.com\/equiposagropecuarios\/producto\/chumaceras\/","title":{"rendered":"Chumaceras"},"content":{"rendered":"<p>CARACTER\u00cdSTICAS<br \/>\nComo parte importante de todos los equipos, la funci\u00f3n de los rodamientos es critica, por lo que el mantenimiento de los mismos es vital. Todos los baleros que se instalan en chumaceras son sellados, por lo que la adici\u00f3n de grasa deber\u00e1 ser moderada y no en exceso que da\u00f1e los sellos, el exceso de grasa es tan malo como la falta de la misma, adem\u00e1s, el engrasado se debe hacer con grasas de alta calidad, en caso de que se da\u00f1en, tenemos disponibilidad de chumaceras de piso y pared para todos nuestros equipos en marcas de calidad reconocida.<\/p>\n","protected":false},"excerpt":{"rendered":"<p>CHUMACERAS<br \/>\nDisponemos de toda la variedad de chumaceras de piso y de pared para todos los equipos Azteca.<\/p>\n","protected":false},"featured_media":359,"comment_status":"open","ping_status":"closed","template":"","meta":{"inline_featured_image":false},"product_brand":[],"product_cat":[34,36],"product_tag":[],"class_list":{"0":"post-477","1":"product","2":"type-product","3":"status-publish","4":"has-post-thumbnail","6":"product_cat-refacciones","7":"product_cat-molinos","9":"first","10":"instock","11":"shipping-taxable","12":"purchasable","13":"product-type-simple"},"_links":{"self":[{"href":"https:\/\/www.molinosazteca.com\/equiposagropecuarios\/wp-json\/wp\/v2\/product\/477","targetHints":{"allow":["GET"]}}],"collection":[{"href":"https:\/\/www.molinosazteca.com\/equiposagropecuarios\/wp-json\/wp\/v2\/product"}],"about":[{"href":"https:\/\/www.molinosazteca.com\/equiposagropecuarios\/wp-json\/wp\/v2\/types\/product"}],"replies":[{"embeddable":true,"href":"https:\/\/www.molinosazteca.com\/equiposagropecuarios\/wp-json\/wp\/v2\/comments?post=477"}],"wp:featuredmedia":[{"embeddable":true,"href":"https:\/\/www.molinosazteca.com\/equiposagropecuarios\/wp-json\/wp\/v2\/media\/359"}],"wp:attachment":[{"href":"https:\/\/www.molinosazteca.com\/equiposagropecuarios\/wp-json\/wp\/v2\/media?parent=477"}],"wp:term":[{"taxonomy":"product_brand","embeddable":true,"href":"https:\/\/www.molinosazteca.com\/equiposagropecuarios\/wp-json\/wp\/v2\/product_brand?post=477"},{"taxonomy":"product_cat","embeddable":true,"href":"https:\/\/www.molinosazteca.com\/equiposagropecuarios\/wp-json\/wp\/v2\/product_cat?post=477"},{"taxonomy":"product_tag","embeddable":true,"href":"https:\/\/www.molinosazteca.com\/equiposagropecuarios\/wp-json\/wp\/v2\/product_tag?post=477"}],"curies":[{"name":"wp","href":"https:\/\/api.w.org\/{rel}","templated":true}]}}