{"id":479,"date":"2021-01-20T15:55:25","date_gmt":"2021-01-20T15:55:25","guid":{"rendered":"https:\/\/molinos-agropecuarios.intagono.mx\/producto\/cribas\/"},"modified":"2021-02-08T19:36:09","modified_gmt":"2021-02-08T19:36:09","slug":"cribas","status":"publish","type":"product","link":"https:\/\/www.molinosazteca.com\/equiposagropecuarios\/producto\/cribas\/","title":{"rendered":"Cribas"},"content":{"rendered":"<p>CARACTER\u00cdSTICAS<br \/>\nMolinos Azteca cuenta con un inventario constante y gran variedad de cribas para moler en la textura deseada, fabricadas en acero al carb\u00f3n, para los diferentes modelos de Molinos Azteca; sus diferentes tama\u00f1os y presentaciones satisfacen cualquier necesidad; se tienen diez medidas de perforaci\u00f3n de l\u00ednea que van desde 1\/8\u201d hasta 1\u201d. Es posible surtir pedidos especiales con perforaciones diferentes: 1, 1.5, 2, 2.5 Mm. Tambi\u00e9n 1-1\/4\u201d, 1-1\/2\u201d y 2\u201d Con tiempo razonable de espera para su fabricaci\u00f3n.<\/p>\n","protected":false},"excerpt":{"rendered":"<p>CRIBAS<br \/>\nCribas para todos los molinos Azteca<\/p>\n","protected":false},"featured_media":478,"comment_status":"open","ping_status":"closed","template":"","meta":{"inline_featured_image":false},"product_brand":[],"product_cat":[34,36],"product_tag":[],"class_list":{"0":"post-479","1":"product","2":"type-product","3":"status-publish","4":"has-post-thumbnail","6":"product_cat-refacciones","7":"product_cat-molinos","9":"first","10":"instock","11":"shipping-taxable","12":"purchasable","13":"product-type-simple"},"_links":{"self":[{"href":"https:\/\/www.molinosazteca.com\/equiposagropecuarios\/wp-json\/wp\/v2\/product\/479","targetHints":{"allow":["GET"]}}],"collection":[{"href":"https:\/\/www.molinosazteca.com\/equiposagropecuarios\/wp-json\/wp\/v2\/product"}],"about":[{"href":"https:\/\/www.molinosazteca.com\/equiposagropecuarios\/wp-json\/wp\/v2\/types\/product"}],"replies":[{"embeddable":true,"href":"https:\/\/www.molinosazteca.com\/equiposagropecuarios\/wp-json\/wp\/v2\/comments?post=479"}],"wp:featuredmedia":[{"embeddable":true,"href":"https:\/\/www.molinosazteca.com\/equiposagropecuarios\/wp-json\/wp\/v2\/media\/478"}],"wp:attachment":[{"href":"https:\/\/www.molinosazteca.com\/equiposagropecuarios\/wp-json\/wp\/v2\/media?parent=479"}],"wp:term":[{"taxonomy":"product_brand","embeddable":true,"href":"https:\/\/www.molinosazteca.com\/equiposagropecuarios\/wp-json\/wp\/v2\/product_brand?post=479"},{"taxonomy":"product_cat","embeddable":true,"href":"https:\/\/www.molinosazteca.com\/equiposagropecuarios\/wp-json\/wp\/v2\/product_cat?post=479"},{"taxonomy":"product_tag","embeddable":true,"href":"https:\/\/www.molinosazteca.com\/equiposagropecuarios\/wp-json\/wp\/v2\/product_tag?post=479"}],"curies":[{"name":"wp","href":"https:\/\/api.w.org\/{rel}","templated":true}]}}