{"id":487,"date":"2021-01-20T15:55:42","date_gmt":"2021-01-20T15:55:42","guid":{"rendered":"https:\/\/molinos-agropecuarios.intagono.mx\/producto\/martillos\/"},"modified":"2021-02-08T19:36:09","modified_gmt":"2021-02-08T19:36:09","slug":"martillos","status":"publish","type":"product","link":"https:\/\/www.molinosazteca.com\/equiposagropecuarios\/producto\/martillos\/","title":{"rendered":"Martillos"},"content":{"rendered":"<p>CARACTER\u00cdSTICAS<br \/>\nLos martillos intercambiables con 4 aristas aprovechables, para todos nuestros molinos, se fabrican con un acero especial y reciben un tratamiento t\u00e9rmico profesional que les permite tener una dureza adecuada la cual se refleja en una mayor duraci\u00f3n permitiendo un mejor desempe\u00f1o en la molienda tanto de granos (por su dureza) como de lastres (por su espesor) Se pueden adquirir los martillos sueltos, los pernos sobre los que se monta los martillos sueltos o pernos y martillos balanceados, dando as\u00ed una mayor estabilidad, alargando con esto la vida \u00fatil de su equipo y menores gastos de mantenimiento.<\/p>\n","protected":false},"excerpt":{"rendered":"<p>MARTILLOS<br \/>\nMartillos para molinos Azteca<\/p>\n","protected":false},"featured_media":386,"comment_status":"open","ping_status":"closed","template":"","meta":{"inline_featured_image":false},"product_brand":[],"product_cat":[34,36],"product_tag":[],"class_list":{"0":"post-487","1":"product","2":"type-product","3":"status-publish","4":"has-post-thumbnail","6":"product_cat-refacciones","7":"product_cat-molinos","9":"first","10":"instock","11":"shipping-taxable","12":"purchasable","13":"product-type-simple"},"_links":{"self":[{"href":"https:\/\/www.molinosazteca.com\/equiposagropecuarios\/wp-json\/wp\/v2\/product\/487","targetHints":{"allow":["GET"]}}],"collection":[{"href":"https:\/\/www.molinosazteca.com\/equiposagropecuarios\/wp-json\/wp\/v2\/product"}],"about":[{"href":"https:\/\/www.molinosazteca.com\/equiposagropecuarios\/wp-json\/wp\/v2\/types\/product"}],"replies":[{"embeddable":true,"href":"https:\/\/www.molinosazteca.com\/equiposagropecuarios\/wp-json\/wp\/v2\/comments?post=487"}],"wp:featuredmedia":[{"embeddable":true,"href":"https:\/\/www.molinosazteca.com\/equiposagropecuarios\/wp-json\/wp\/v2\/media\/386"}],"wp:attachment":[{"href":"https:\/\/www.molinosazteca.com\/equiposagropecuarios\/wp-json\/wp\/v2\/media?parent=487"}],"wp:term":[{"taxonomy":"product_brand","embeddable":true,"href":"https:\/\/www.molinosazteca.com\/equiposagropecuarios\/wp-json\/wp\/v2\/product_brand?post=487"},{"taxonomy":"product_cat","embeddable":true,"href":"https:\/\/www.molinosazteca.com\/equiposagropecuarios\/wp-json\/wp\/v2\/product_cat?post=487"},{"taxonomy":"product_tag","embeddable":true,"href":"https:\/\/www.molinosazteca.com\/equiposagropecuarios\/wp-json\/wp\/v2\/product_tag?post=487"}],"curies":[{"name":"wp","href":"https:\/\/api.w.org\/{rel}","templated":true}]}}