{"id":491,"date":"2021-01-20T15:55:43","date_gmt":"2021-01-20T15:55:43","guid":{"rendered":"https:\/\/molinos-agropecuarios.intagono.mx\/producto\/toma-de-fuerza-de-importacion\/"},"modified":"2021-02-08T19:36:09","modified_gmt":"2021-02-08T19:36:09","slug":"toma-de-fuerza-de-importacion","status":"publish","type":"product","link":"https:\/\/www.molinosazteca.com\/equiposagropecuarios\/producto\/toma-de-fuerza-de-importacion\/","title":{"rendered":"Toma de Fuerza de Importaci\u00f3n"},"content":{"rendered":"<p>CARACTER\u00cdSTICAS<br \/>\nLos \u00e1rboles de transmisi\u00f3n a cardan con protector tipo \u201cKH\u201d han obtenido el certificado \u201cEMA\u201d (Estaci\u00f3n de mec\u00e1nica agr\u00edcola de la D.G.P.M.A.)<\/p>\n","protected":false},"excerpt":{"rendered":"<p>TOMA DE FUERZA DE IMPORTACI\u00d3N<br \/>\nTenemos disponibles los diferentes tipos de ejes toma de fuerza para cada equipo Azteca, son de importaci\u00f3n en marcas reconocidas<\/p>\n","protected":false},"featured_media":374,"comment_status":"open","ping_status":"closed","template":"","meta":{"inline_featured_image":false},"product_brand":[],"product_cat":[34,36],"product_tag":[],"class_list":{"0":"post-491","1":"product","2":"type-product","3":"status-publish","4":"has-post-thumbnail","6":"product_cat-refacciones","7":"product_cat-molinos","9":"first","10":"instock","11":"shipping-taxable","12":"purchasable","13":"product-type-simple"},"_links":{"self":[{"href":"https:\/\/www.molinosazteca.com\/equiposagropecuarios\/wp-json\/wp\/v2\/product\/491","targetHints":{"allow":["GET"]}}],"collection":[{"href":"https:\/\/www.molinosazteca.com\/equiposagropecuarios\/wp-json\/wp\/v2\/product"}],"about":[{"href":"https:\/\/www.molinosazteca.com\/equiposagropecuarios\/wp-json\/wp\/v2\/types\/product"}],"replies":[{"embeddable":true,"href":"https:\/\/www.molinosazteca.com\/equiposagropecuarios\/wp-json\/wp\/v2\/comments?post=491"}],"wp:featuredmedia":[{"embeddable":true,"href":"https:\/\/www.molinosazteca.com\/equiposagropecuarios\/wp-json\/wp\/v2\/media\/374"}],"wp:attachment":[{"href":"https:\/\/www.molinosazteca.com\/equiposagropecuarios\/wp-json\/wp\/v2\/media?parent=491"}],"wp:term":[{"taxonomy":"product_brand","embeddable":true,"href":"https:\/\/www.molinosazteca.com\/equiposagropecuarios\/wp-json\/wp\/v2\/product_brand?post=491"},{"taxonomy":"product_cat","embeddable":true,"href":"https:\/\/www.molinosazteca.com\/equiposagropecuarios\/wp-json\/wp\/v2\/product_cat?post=491"},{"taxonomy":"product_tag","embeddable":true,"href":"https:\/\/www.molinosazteca.com\/equiposagropecuarios\/wp-json\/wp\/v2\/product_tag?post=491"}],"curies":[{"name":"wp","href":"https:\/\/api.w.org\/{rel}","templated":true}]}}