{"id":512,"date":"2021-01-20T18:45:21","date_gmt":"2021-01-20T18:45:21","guid":{"rendered":"https:\/\/molinos-agropecuarios.intagono.mx\/producto\/enmelazadoras\/"},"modified":"2021-02-18T22:52:24","modified_gmt":"2021-02-18T22:52:24","slug":"enmelazadoras","status":"publish","type":"product","link":"https:\/\/www.molinosazteca.com\/equiposagropecuarios\/producto\/enmelazadoras\/","title":{"rendered":"Enmelazadoras"},"content":{"rendered":"<p>Equipo ideal para enmelazar cualquier tipo de lastre como rastrojo, olote, etc., as\u00ed como tambi\u00e9n alimento mezclado, obteniendo un producto terminado de alta calidad, gracias al dise\u00f1o de sus aspas distribuidas a lo largo de sus dos rotores.<\/p>\n<p>CARACTER\u00cdSTICAS<br \/>\nLa enmelazadora est\u00e1 disponible en secci\u00f3n sencilla o secci\u00f3n doble, teniendo ambas la misma capacidad, la enmelazadora de secci\u00f3n doble se recomienda cuando el material a enmelazar no es muy permeable. ESPECIFICACIONES GENERALES: Largo de la tina de enmelazado: 60\u201d Ancho de la tina de enmelazado: 13 1\/2&#8243; Altura a la boca de alimentaci\u00f3n: 60\u201d Capacidad nominal en lastres: 4 ton por hora. Capacidad nominal en alimento balanceado: 10 t. por hora. Numero de aspas: Enmelazadora doble secci\u00f3n sencilla: 46 (23 derechas, 23 izquierdas) Enmelazadora doble secci\u00f3n doble: 76 (38 derechas, 38 izquierdas) Potencia efectiva requerida: 10 HP Descarga: Tipo encostalador doble. Peso aproximado: 235 kg Construcci\u00f3n en l\u00e1mina de acero soldado, estructura de fierro tipo canal; agitador de aspas; encostalador de doble descarga con compuerta direccional.<\/p>\n","protected":false},"excerpt":{"rendered":"<p>ENMELAZADORAS DOBLES<\/p>\n[av_button label='Ficha t\u00e9cnica' link='manually,https:\/\/molinosazteca.com\/equiposagropecuarios\/wp-content\/uploads\/2021\/01\/FT-Enmelazadora-doble.pdf' link_target='_blank' size='middle' position='left' icon_select='yes' icon='ue84c' font='entypo-fontello' color='theme-color' custom_bg='#444444' custom_font='#ffffff' av_uid='av-5obiu2i']\n","protected":false},"featured_media":510,"comment_status":"open","ping_status":"closed","template":"","meta":{"inline_featured_image":false},"product_brand":[],"product_cat":[17,47],"product_tag":[],"class_list":{"0":"post-512","1":"product","2":"type-product","3":"status-publish","4":"has-post-thumbnail","6":"product_cat-equipos","7":"product_cat-enmelazadoras","9":"first","10":"instock","11":"shipping-taxable","12":"purchasable","13":"product-type-simple"},"_links":{"self":[{"href":"https:\/\/www.molinosazteca.com\/equiposagropecuarios\/wp-json\/wp\/v2\/product\/512","targetHints":{"allow":["GET"]}}],"collection":[{"href":"https:\/\/www.molinosazteca.com\/equiposagropecuarios\/wp-json\/wp\/v2\/product"}],"about":[{"href":"https:\/\/www.molinosazteca.com\/equiposagropecuarios\/wp-json\/wp\/v2\/types\/product"}],"replies":[{"embeddable":true,"href":"https:\/\/www.molinosazteca.com\/equiposagropecuarios\/wp-json\/wp\/v2\/comments?post=512"}],"wp:featuredmedia":[{"embeddable":true,"href":"https:\/\/www.molinosazteca.com\/equiposagropecuarios\/wp-json\/wp\/v2\/media\/510"}],"wp:attachment":[{"href":"https:\/\/www.molinosazteca.com\/equiposagropecuarios\/wp-json\/wp\/v2\/media?parent=512"}],"wp:term":[{"taxonomy":"product_brand","embeddable":true,"href":"https:\/\/www.molinosazteca.com\/equiposagropecuarios\/wp-json\/wp\/v2\/product_brand?post=512"},{"taxonomy":"product_cat","embeddable":true,"href":"https:\/\/www.molinosazteca.com\/equiposagropecuarios\/wp-json\/wp\/v2\/product_cat?post=512"},{"taxonomy":"product_tag","embeddable":true,"href":"https:\/\/www.molinosazteca.com\/equiposagropecuarios\/wp-json\/wp\/v2\/product_tag?post=512"}],"curies":[{"name":"wp","href":"https:\/\/api.w.org\/{rel}","templated":true}]}}