{"id":756,"date":"2021-10-04T22:19:25","date_gmt":"2021-10-04T22:19:25","guid":{"rendered":"https:\/\/www.molinosazteca.com\/equiposagropecuarios\/?post_type=product&#038;p=756"},"modified":"2021-10-04T22:27:46","modified_gmt":"2021-10-04T22:27:46","slug":"cavadoras","status":"publish","type":"product","link":"https:\/\/www.molinosazteca.com\/equiposagropecuarios\/producto\/cavadoras\/","title":{"rendered":"CAVADORAS"},"content":{"rendered":"<p>En colaboraci\u00f3n con la marca italiana SELVATICI, MOLINOS AZTECAS le trae a su disponibilidad la linea de cavadoras  que les brinda la pr\u00e1ctica facilidad de drenaje del suelo realizado de manera uniforme.<\/p>\n","protected":false},"excerpt":{"rendered":"<p>Garantizamos satisfacci\u00f3n en el giro de los terrones y  una aireaci\u00f3n m\u00e1s r\u00e1pida del suelo y la eliminaci\u00f3n,desde las ra\u00edces, de las malas hierbas da\u00f1inas para sus campos.<\/p>\n[av_button label='Ficha t\u00e9cnica Cavadora J804' link='manually,https:\/\/www.molinosazteca.com\/equiposagropecuarios\/wp-content\/uploads\/2021\/10\/FICHA-TECNICA-CAVADORA-J804.pdf' link_target='_blank' size='middle' position='left' icon_select='yes' icon='ue84c' font='entypo-fontello' color='theme-color' custom_bg='#444444' custom_font='#ffffff' av_uid='av-5obiu2i']\n[av_button label='Ficha t\u00e9cnica Cavadora M804' link='manually,https:\/\/www.molinosazteca.com\/equiposagropecuarios\/wp-content\/uploads\/2021\/10\/FICHA-TECNICA-CAVADORA-M804.pdf' link_target='_blank' size='middle' position='left' icon_select='yes' icon='ue84c' font='entypo-fontello' color='theme-color' custom_bg='#444444' custom_font='#ffffff' av_uid='av-5obiu2i']\n<p><iframe loading=\"lazy\" width=\"560\" height=\"315\" src=\"https:\/\/www.youtube.com\/embed\/pXqoyj_vyG0\" title=\"YouTube video player\" frameborder=\"0\" allow=\"accelerometer; autoplay; clipboard-write; encrypted-media; gyroscope; picture-in-picture\" allowfullscreen><\/iframe><\/p>\n","protected":false},"featured_media":761,"comment_status":"open","ping_status":"closed","template":"","meta":{"inline_featured_image":false},"product_brand":[],"product_cat":[17],"product_tag":[],"class_list":{"0":"post-756","1":"product","2":"type-product","3":"status-publish","4":"has-post-thumbnail","6":"product_cat-equipos","8":"first","9":"instock","10":"shipping-taxable","11":"purchasable","12":"product-type-simple"},"_links":{"self":[{"href":"https:\/\/www.molinosazteca.com\/equiposagropecuarios\/wp-json\/wp\/v2\/product\/756","targetHints":{"allow":["GET"]}}],"collection":[{"href":"https:\/\/www.molinosazteca.com\/equiposagropecuarios\/wp-json\/wp\/v2\/product"}],"about":[{"href":"https:\/\/www.molinosazteca.com\/equiposagropecuarios\/wp-json\/wp\/v2\/types\/product"}],"replies":[{"embeddable":true,"href":"https:\/\/www.molinosazteca.com\/equiposagropecuarios\/wp-json\/wp\/v2\/comments?post=756"}],"wp:featuredmedia":[{"embeddable":true,"href":"https:\/\/www.molinosazteca.com\/equiposagropecuarios\/wp-json\/wp\/v2\/media\/761"}],"wp:attachment":[{"href":"https:\/\/www.molinosazteca.com\/equiposagropecuarios\/wp-json\/wp\/v2\/media?parent=756"}],"wp:term":[{"taxonomy":"product_brand","embeddable":true,"href":"https:\/\/www.molinosazteca.com\/equiposagropecuarios\/wp-json\/wp\/v2\/product_brand?post=756"},{"taxonomy":"product_cat","embeddable":true,"href":"https:\/\/www.molinosazteca.com\/equiposagropecuarios\/wp-json\/wp\/v2\/product_cat?post=756"},{"taxonomy":"product_tag","embeddable":true,"href":"https:\/\/www.molinosazteca.com\/equiposagropecuarios\/wp-json\/wp\/v2\/product_tag?post=756"}],"curies":[{"name":"wp","href":"https:\/\/api.w.org\/{rel}","templated":true}]}}