{"id":108,"date":"2021-01-14T19:07:01","date_gmt":"2021-01-14T19:07:01","guid":{"rendered":"https:\/\/molinos-alimentos.intagono.mx\/?page_id=108"},"modified":"2021-01-14T19:08:05","modified_gmt":"2021-01-14T19:08:05","slug":"aviso-de-privacidad","status":"publish","type":"page","link":"https:\/\/www.molinosazteca.com\/plantadealimentos\/aviso-de-privacidad\/","title":{"rendered":"Aviso de Privacidad"},"content":{"rendered":"\n<style type=\"text\/css\" data-created_by=\"avia_inline_auto\" id=\"style-css-av-kjx84618-081f1c9b846c2a0f1263430008652504\">\n#top .av-special-heading.av-kjx84618-081f1c9b846c2a0f1263430008652504{\nmargin:80px 0 0 0;\npadding-bottom:50px;\n}\nbody .av-special-heading.av-kjx84618-081f1c9b846c2a0f1263430008652504 .av-special-heading-tag .heading-char{\nfont-size:25px;\n}\n.av-special-heading.av-kjx84618-081f1c9b846c2a0f1263430008652504 .av-subheading{\nfont-size:15px;\n}\n<\/style>\n<div  id=\"aviso-privacidad-heading\"  class='av-special-heading av-kjx84618-081f1c9b846c2a0f1263430008652504 av-special-heading-h3 blockquote modern-quote modern-centered  avia-builder-el-0  el_before_av_textblock  avia-builder-el-first '><h3 class='av-special-heading-tag '  itemprop=\"headline\"  >Aviso de privacidad<\/h3><div class=\"special-heading-border\"><div class=\"special-heading-inner-border\"><\/div><\/div><\/div>\n<section  class='av_textblock_section av-kjx83c6q-7cbd4397aef84f2bb61152d8c84eb2b6 '   itemscope=\"itemscope\" itemtype=\"https:\/\/schema.org\/CreativeWork\" ><div class='avia_textblock'  itemprop=\"text\" ><p><strong>La empresa Molinos Azteca y Juper S.A. de C.V.<\/strong> , con domicilio en <strong>[Calle 7 # exterior 107 zona industrial, C.P. 44940, Guadalajara, Jalisco, M\u00e9xico<br \/>\npara o\u00edr y recibir notificaciones]<\/strong>, es el responsable del uso y protecci\u00f3n de sus datos personales, y al respecto le informamos lo siguiente:<\/p>\n<p>Los datos personales que recabamos de usted, los utilizaremos para las siguientes finalidades que son necesarias para el servicio que solicita:<\/p>\n<p><strong>\u2022 Poder estar en contacto directo con usted para efectos de entrega de pedidos a la direcci\u00f3n otorgada a nosotros y\/o alg\u00fan cambio de domicilio<br \/>\nde entrega, as\u00ed como de facturaci\u00f3n.<\/strong><\/p>\n<p>De manera adicional, utilizaremos su informaci\u00f3n personal para las siguientes finalidades que no son necesarias para el servicio solicitado, pero que nos<br \/>\npermiten y facilitan brindarle una mejor atenci\u00f3n:<\/p>\n<p><strong>\u2022 Dar a conocerle cotizaciones, promociones, descuentos o informaci\u00f3n sobre nuevos equipos y avances en equipos que podr\u00edan ser de utilidad<br \/>\npara las finalidades que fueron adquiridos nuestros equipos<\/strong><\/p>\n<p>En caso de que no desee que sus datos personales sean tratados para estos fines adicionales, desde este momento usted nos puede comunicar lo anterior, <strong>al<br \/>\ncorreo de informacion@molinosazteca.com si usted no manifiesta su negativa para dichas acciones entenderemos que han sido otorgados los<br \/>\npermisos para estos fines.<\/strong><\/p>\n<p>La negativa para el uso de sus datos personales para estas finalidades no podr\u00e1 ser un motivo para que le neguemos los servicios y productos que solicita o<br \/>\ncontrata con nosotros.<\/p>\n<p>\u00bfQu\u00e9 datos personales utilizaremos para estos fines?<br \/>\nPara llevar a cabo las finalidades descritas en el presente aviso de privacidad, utilizaremos los siguientes datos personales:<\/p>\n<p><strong>Datos de identificaci\u00f3n.<\/strong> Informaci\u00f3n concerniente a una persona f\u00edsica que permite diferenciarla de otras en una colectividad, tales como: nombre; estado<br \/>\ncivil; firma aut\u00f3grafa y electr\u00f3nica; Registro Federal de Contribuyentes (RFC); Clave \u00danica de Registro de Poblaci\u00f3n (CURP); n\u00famero de cartilla militar; lugar y<br \/>\nfecha de nacimiento; nacionalidad; fotograf\u00eda; edad, entre otros.<br \/>\n<strong>Datos de contacto.<\/strong> Informaci\u00f3n que permite mantener o entrar en contacto con su titular, tal como: domicilio; correo electr\u00f3nico; tel\u00e9fono fijo; tel\u00e9fono<br \/>\ncelular, direcci\u00f3n de entrega de pedidos<br \/>\n<strong>Datos laborales.<\/strong> Informaci\u00f3n concerniente a una persona f\u00edsica relativa a su empleo, cargo o comisi\u00f3n; desempe\u00f1o laboral y experiencia profesional, generada<br \/>\na partir de procesos de reclutamiento, selecci\u00f3n, contrataci\u00f3n, nombramiento, evaluaci\u00f3n y capacitaci\u00f3n, tales como: puesto, domicilio de trabajo, correo<br \/>\nelectr\u00f3nico institucional, tel\u00e9fono institucional; referencias laborales; fecha de ingreso y salida del empleo, entre otros.<\/p>\n<p>Adem\u00e1s de los datos personales mencionados anteriormente, para las finalidades informadas en el presente aviso de privacidad utilizaremos los siguientes datos<br \/>\npersonales considerados como sensibles, que requieren de especial protecci\u00f3n: <strong>[listado de datos personales sensibles o sus categor\u00edas. Para ejemplo<br \/>\nde categor\u00edas ver el Glosario].<\/strong><\/p>\n<p><strong>\u00bfCon qui\u00e9n compartimos su informaci\u00f3n personal y para qu\u00e9 fines?<\/strong><\/p>\n<p>Le informamos que sus datos personales no son compartidos dentro y fuera del pa\u00eds con personas, empresas, ni organizaciones distintas a nosotros:<\/p>\n<p>Le informamos que para las transferencias indicadas con un asterisco (*) requerimos obtener su consentimiento. Si usted no manifiesta su negativa para dichas<br \/>\ntransferencias, entenderemos que nos lo ha otorgado.<br \/>\nEn caso contrario manifestar su negativo de la siguiente forma envi\u00e1ndola al correo electr\u00f3nico <strong>informacion@molinosazteca.com:<\/strong><\/p>\n<p>No autorizo que mis datos personales sean compartidos con los siguientes terceros:<br \/>\n<strong> [Transferencia 1].<br \/>\n[Transferencia 2].<\/strong><\/p>\n<p><strong>Nombre completo, firma y fecha.<\/strong><\/p>\n<p><strong>\u00bfC\u00f3mo puede acceder, rectificar o cancelar sus datos personales, u oponerse a su uso?<\/strong><br \/>\nUsted tiene derecho a conocer qu\u00e9 datos personales tenemos de usted, para qu\u00e9 los utilizamos y las condiciones del uso que les damos (Acceso). Asimismo, es<br \/>\nsu derecho solicitar la correcci\u00f3n de su informaci\u00f3n personal en caso de que est\u00e9 desactualizada, sea inexacta o incompleta (Rectificaci\u00f3n); que la eliminemos<br \/>\nde nuestros registros o bases de datos cuando considere que la misma no est\u00e1 siendo utilizada conforme a los principios, deberes y obligaciones previstas en la<br \/>\nnormativa (Cancelaci\u00f3n); as\u00ed como oponerse al uso de sus datos personales para fines espec\u00edficos (Oposici\u00f3n). Estos derechos se conocen como derechos ARCO.<\/p>\n<p>Para el ejercicio de cualquiera de los derechos ARCO, usted deber\u00e1 presentar la solicitud respectiva envi\u00e1ndola al correo<br \/>\n<strong>electr\u00f3nico informacion@molinosazteca.com.<\/strong><\/p>\n<p>Para conocer el procedimiento y requisitos para el ejercicio de los derechos ARCO en lo correspondiente a Molinos Azteca y Juper S.A. de C.V. , usted podr\u00e1<br \/>\nllamar al siguiente n\u00famero telef\u00f3nico <strong>(01) (33) 36456980<\/strong>; ingresar a nuestro sitio de Internet <strong>www.molinosazteca.com<\/strong> a la secci\u00f3n <strong>aviso de privacidad<\/strong>,<br \/>\no bien ponerse en contacto con nuestro Departamento de informaci\u00f3n, que dar\u00e1 tr\u00e1mite a las solicitudes para el ejercicio de estos derechos, y atender\u00e1 cualquier<br \/>\nduda que pudiera tener respecto al tratamiento de su informaci\u00f3n. Los datos de contacto del Departamento de informaci\u00f3n son los siguientes:<br \/>\n<strong>[Calle 7 # exterior 107 zona industrial, C.P. 44940, Guadalajara, Jalisco, M\u00e9xico, correo electr\u00f3nico: informacion@molinosazteca.com].<\/strong><\/p>\n<p><strong>\u00bfC\u00f3mo puede revocar su consentimiento para el uso de sus datos personales?<br \/>\n<\/strong>Usted puede revocar el consentimiento que, en su caso, nos haya otorgado para el tratamiento de sus datos personales. Sin embargo, es importante que tenga<br \/>\nen cuenta que no en todos los casos podremos atender su solicitud o concluir el uso de forma inmediata, ya que es posible que por alguna obligaci\u00f3n legal<br \/>\nrequiramos seguir tratando sus datos personales. Asimismo, usted deber\u00e1 considerar que para ciertos fines, la revocaci\u00f3n de su consentimiento implicar\u00e1 que<br \/>\nno le podamos seguir prestando el servicio que nos solicit\u00f3, o la conclusi\u00f3n de su relaci\u00f3n con nosotros.<\/p>\n<p>Para revocar su consentimiento deber\u00e1 enviar su solicitud al correo electr\u00f3nico en <strong>[informacion@molinosazteca.com].<\/strong><\/p>\n<p>Para conocer el procedimiento y requisitos para el ejercicio de los derechos ARCO en lo correspondiente a Molinos Azteca y Juper S.A. de C.V. , usted podr\u00e1<br \/>\nllamar al siguiente n\u00famero telef\u00f3nico<strong> (01) (33) 36456980<\/strong>; ingresar a nuestro sitio de Internet <strong>www.molinosazteca.com<\/strong> a la <strong>secci\u00f3n aviso de privacidad<\/strong>,<br \/>\no bien ponerse en contacto con nuestro Departamento de informacion, que dar\u00e1 tr\u00e1mite a las solicitudes para el ejercicio de estos derechos, y atender\u00e1 cualquier duda que pudiera tener respecto al tratamiento de su informaci\u00f3n. Los datos de contacto del Departamento de informacion son los siguientes: <strong>[Calle 7 #<br \/>\nexterior 107 zona industrial, C.P. 44940, Guadalajara, Jalisco, M\u00e9xico, correo electronico: informacion@molinosazteca.com].<\/strong><\/p>\n<p><strong>\u00bfC\u00f3mo puede limitar el uso o divulgaci\u00f3n de su informaci\u00f3n personal?<br \/>\n<\/strong>Con objeto de que usted pueda limitar el uso y divulgaci\u00f3n de su informaci\u00f3n personal, le ofrecemos los siguientes medios:<\/p>\n<p>\u2022 Su inscripci\u00f3n en el Registro P\u00fablico para Evitar Publicidad, que est\u00e1 a cargo de la Procuradur\u00eda Federal del Consumidor, con la finalidad de que sus datos<br \/>\npersonales no sean utilizados para recibir publicidad o promociones de empresas de bienes o servicios. Para mayor informaci\u00f3n sobre este registro, usted<br \/>\npuede consultar el portal de Internet de la PROFECO, o bien ponerse en contacto directo con \u00e9sta.<\/p>\n<p>\u2022 Su registro en el listado de exclusi\u00f3n <strong>\u201cClientes Molinos\u201d<\/strong>, a fin de que sus datos personales no sean tratados para fines mercadot\u00e9cnicos, publicitarios o de<br \/>\nprospecci\u00f3n comercial por nuestra parte. Para mayor informaci\u00f3n llamar al n\u00famero telef\u00f3nico [\u2026], enviar un correo electr\u00f3nico a la siguiente direcci\u00f3n [\u2026],<br \/>\no bien, consultar nuestra p\u00e1gina de Internet [\u2026].<\/p>\n<p><strong>El uso de tecnolog\u00edas de rastreo en nuestro portal de Internet<\/strong><br \/>\nLe informamos que en nuestra p\u00e1gina de Internet NO utilizamos cookies, web beacons y otras tecnolog\u00edas a trav\u00e9s de las cuales es posible monitorear su<br \/>\ncomportamiento como usuario de Internet, as\u00ed como brindarle un mejor servicio y experiencia de usuario al navegar en nuestra p\u00e1gina.<\/p>\n<p><strong>\u00bfC\u00f3mo puede conocer los cambios a este aviso de privacidad?<\/strong><br \/>\nEl presente aviso de privacidad puede sufrir modificaciones, cambios o actualizaciones derivadas de nuevos requerimientos legales; de nuestras propias<br \/>\nnecesidades por los productos o servicios que ofrecemos; de nuestras pr\u00e1cticas de privacidad; de cambios en nuestro modelo de negocio, o por otras causas.<br \/>\nNos comprometemos a mantenerlo informado sobre los cambios que pueda sufrir el presente aviso de privacidad, a trav\u00e9s de nuestro sitio de Internet<br \/>\n<strong>www.molinosazteca.com<\/strong> en la secci\u00f3n <strong>aviso de privacidad<\/strong>.<\/p>\n<p>El procedimiento a trav\u00e9s del cual se llevar\u00e1n a cabo las notificaciones sobre cambios o actualizaciones al presente aviso de privacidad es el siguiente: <strong>se<br \/>\nactualizara el aviso de privacidad en la p\u00e1gina web molinosazteca.com<\/strong><\/p>\n<p>\u00daltima actualizaci\u00f3n [<strong>30\/06\/2015<\/strong>].<\/p>\n<\/div><\/section>\n","protected":false},"excerpt":{"rendered":"","protected":false},"author":1,"featured_media":0,"parent":0,"menu_order":0,"comment_status":"closed","ping_status":"closed","template":"","meta":{"inline_featured_image":false,"footnotes":""},"class_list":["post-108","page","type-page","status-publish","hentry"],"_links":{"self":[{"href":"https:\/\/www.molinosazteca.com\/plantadealimentos\/wp-json\/wp\/v2\/pages\/108","targetHints":{"allow":["GET"]}}],"collection":[{"href":"https:\/\/www.molinosazteca.com\/plantadealimentos\/wp-json\/wp\/v2\/pages"}],"about":[{"href":"https:\/\/www.molinosazteca.com\/plantadealimentos\/wp-json\/wp\/v2\/types\/page"}],"author":[{"embeddable":true,"href":"https:\/\/www.molinosazteca.com\/plantadealimentos\/wp-json\/wp\/v2\/users\/1"}],"replies":[{"embeddable":true,"href":"https:\/\/www.molinosazteca.com\/plantadealimentos\/wp-json\/wp\/v2\/comments?post=108"}],"version-history":[{"count":3,"href":"https:\/\/www.molinosazteca.com\/plantadealimentos\/wp-json\/wp\/v2\/pages\/108\/revisions"}],"predecessor-version":[{"id":111,"href":"https:\/\/www.molinosazteca.com\/plantadealimentos\/wp-json\/wp\/v2\/pages\/108\/revisions\/111"}],"wp:attachment":[{"href":"https:\/\/www.molinosazteca.com\/plantadealimentos\/wp-json\/wp\/v2\/media?parent=108"}],"curies":[{"name":"wp","href":"https:\/\/api.w.org\/{rel}","templated":true}]}}