{"id":32,"date":"2021-01-07T23:13:04","date_gmt":"2021-01-08T05:13:04","guid":{"rendered":"https:\/\/molinos-alimentos.intagono.mx\/?page_id=32"},"modified":"2021-10-04T12:33:33","modified_gmt":"2021-10-04T17:33:33","slug":"home","status":"publish","type":"page","link":"https:\/\/www.molinosazteca.com\/plantadealimentos\/","title":{"rendered":"Home"},"content":{"rendered":"\n<style type=\"text\/css\" data-created_by=\"avia_inline_auto\" id=\"style-css-av-ke3d3xwd-7174eb7b2f9c6ae91377aad9c662da76\">\n.avia-section.av-ke3d3xwd-7174eb7b2f9c6ae91377aad9c662da76{\nbackground-color:rgba(0,0,0,0);\nbackground-image:url(https:\/\/www.molinosazteca.com\/plantadealimentos\/wp-content\/uploads\/2021\/02\/main-banner-full.jpg);\nbackground-repeat:no-repeat;\nbackground-position:50% 0%;\nbackground-attachment:scroll;\n}\n<\/style>\n<div id='av_section_1'  class='avia-section av-ke3d3xwd-7174eb7b2f9c6ae91377aad9c662da76 main_color avia-section-default avia-no-border-styling  avia-builder-el-0  el_before_av_section  avia-builder-el-first  avia-full-stretch avia-bg-style-scroll av-minimum-height av-minimum-height-100 av-height-100  container_wrap fullsize'  data-section-bg-repeat='stretch' data-av_minimum_height_pc='100' data-av_min_height_opt='100'><div class='container av-section-cont-open' ><main  role=\"main\" itemprop=\"mainContentOfPage\"  class='template-page content  av-content-full alpha units'><div class='post-entry post-entry-type-page post-entry-32'><div class='entry-content-wrapper clearfix'>\n\n<style type=\"text\/css\" data-created_by=\"avia_inline_auto\" id=\"style-css-av-kjx8w3c5-6b29b80db1647aaf6a85996de9cc8887\">\n#top .hr.hr-invisible.av-kjx8w3c5-6b29b80db1647aaf6a85996de9cc8887{\nheight:200px;\n}\n<\/style>\n<div  class='hr av-kjx8w3c5-6b29b80db1647aaf6a85996de9cc8887 hr-invisible  avia-builder-el-1  el_before_av_one_full  avia-builder-el-first '><span class='hr-inner '><span class=\"hr-inner-style\"><\/span><\/span><\/div>\n<div class='flex_column_table av-ke4qj31q-273b3c3eef43f1f3e9e00b579b22a210 sc-av_one_full av-equal-height-column-flextable'>\n<style type=\"text\/css\" data-created_by=\"avia_inline_auto\" id=\"style-css-av-ke4qj31q-273b3c3eef43f1f3e9e00b579b22a210\">\n#top .flex_column_table.av-equal-height-column-flextable.av-ke4qj31q-273b3c3eef43f1f3e9e00b579b22a210{\nmargin-top:-15%;\nmargin-bottom:0px;\n}\n.flex_column.av-ke4qj31q-273b3c3eef43f1f3e9e00b579b22a210{\nborder-radius:0px 0px 0px 0px;\npadding:0px 0px 0px 0px;\n}\n<\/style>\n<div  class='flex_column av-ke4qj31q-273b3c3eef43f1f3e9e00b579b22a210 av_one_full  avia-builder-el-2  el_after_av_hr  avia-builder-el-last  first flex_column_table_cell av-equal-height-column av-align-top av-animated-generic fade-in av-zero-column-padding  '     ><p>\n<style type=\"text\/css\" data-created_by=\"avia_inline_auto\" id=\"style-css-av-kiganfzf-777e1ca9020c80e00f0df068fbaf66df\">\n.avia-image-container.av-kiganfzf-777e1ca9020c80e00f0df068fbaf66df img.avia_image{\nbox-shadow:none;\n}\n.avia-image-container.av-kiganfzf-777e1ca9020c80e00f0df068fbaf66df .av-image-caption-overlay-center{\ncolor:#ffffff;\n}\n<\/style>\n<div  class='avia-image-container av-kiganfzf-777e1ca9020c80e00f0df068fbaf66df av-styling- avia_animated_image av-animated-when-visible-95 fade-in avia-align-center  avia-builder-el-3  el_before_av_heading  avia-builder-el-first '   itemprop=\"image\" itemscope=\"itemscope\" itemtype=\"https:\/\/schema.org\/ImageObject\" ><div class=\"avia-image-container-inner\"><div class=\"avia-image-overlay-wrap\"><img decoding=\"async\" fetchpriority=\"high\" class='wp-image-1140 avia-img-lazy-loading-not-1140 avia_image ' src=\"https:\/\/www.molinosazteca.com\/plantadealimentos\/wp-content\/uploads\/2021\/03\/logo-molinos-azteca-fix.svg\" alt='' title='logo-molinos-azteca-fix'  height=\"265\" width=\"427\"  itemprop=\"thumbnailUrl\"  \/><\/div><\/div><\/div><br \/>\n\n<style type=\"text\/css\" data-created_by=\"avia_inline_auto\" id=\"style-css-av-av_heading-bbb32598175d63e7812667af4b0d8906\">\n#top .av-special-heading.av-av_heading-bbb32598175d63e7812667af4b0d8906{\npadding-bottom:10px;\nfont-size:40px;\n}\nbody .av-special-heading.av-av_heading-bbb32598175d63e7812667af4b0d8906 .av-special-heading-tag .heading-char{\nfont-size:25px;\n}\n#top #wrap_all .av-special-heading.av-av_heading-bbb32598175d63e7812667af4b0d8906 .av-special-heading-tag{\nfont-size:40px;\n}\n.av-special-heading.av-av_heading-bbb32598175d63e7812667af4b0d8906 .av-subheading{\nfont-size:21px;\n}\n\n@media only screen and (min-width: 480px) and (max-width: 767px){ \n#top #wrap_all .av-special-heading.av-av_heading-bbb32598175d63e7812667af4b0d8906 .av-special-heading-tag{\nfont-size:0.8em;\n}\n}\n\n@media only screen and (max-width: 479px){ \n#top #wrap_all .av-special-heading.av-av_heading-bbb32598175d63e7812667af4b0d8906 .av-special-heading-tag{\nfont-size:0.8em;\n}\n}\n<\/style>\n<div  id=\"hero-heading\"  class='av-special-heading av-av_heading-bbb32598175d63e7812667af4b0d8906 av-special-heading-h3 blockquote modern-quote modern-centered  avia-builder-el-4  el_after_av_image  el_before_av_hr  av-inherit-size'><h3 class='av-special-heading-tag '  itemprop=\"headline\"  >Experiencia e innovaci\u00f3n<\/h3><div class=\"special-heading-border\"><div class=\"special-heading-inner-border\"><\/div><\/div><\/div><br \/>\n\n<style type=\"text\/css\" data-created_by=\"avia_inline_auto\" id=\"style-css-av-kjx8w3c5-e1bf0506ffcd42f569de7bc9e49d213b\">\n#top .hr.hr-invisible.av-kjx8w3c5-e1bf0506ffcd42f569de7bc9e49d213b{\nheight:50px;\n}\n<\/style>\n<div  class='hr av-kjx8w3c5-e1bf0506ffcd42f569de7bc9e49d213b hr-invisible  avia-builder-el-5  el_after_av_heading  el_before_av_codeblock '><span class='hr-inner '><span class=\"hr-inner-style\"><\/span><\/span><\/div><br \/>\n<br \/>\n\n<style type=\"text\/css\" data-created_by=\"avia_inline_auto\" id=\"style-css-av-kjx8w3c5-eb447e534e730d3c09371be0b83edda3\">\n#top .hr.hr-invisible.av-kjx8w3c5-eb447e534e730d3c09371be0b83edda3{\nheight:100px;\n}\n<\/style>\n<div  class='hr av-kjx8w3c5-eb447e534e730d3c09371be0b83edda3 hr-invisible  avia-builder-el-7  el_after_av_codeblock  avia-builder-el-last '><span class='hr-inner '><span class=\"hr-inner-style\"><\/span><\/span><\/div><\/p><\/div><\/div><!--close column table wrapper. Autoclose: 1 --><\/div><\/div><\/main><!-- close content main element --><\/div><\/div>\n<style type=\"text\/css\" data-created_by=\"avia_inline_auto\" id=\"style-css-av-26y2s-83e48b7a342efbc1fdf8f4c354107612\">\n.avia-section.av-26y2s-83e48b7a342efbc1fdf8f4c354107612{\nbackground-repeat:no-repeat;\nbackground-image:url(https:\/\/www.molinosazteca.com\/plantadealimentos\/wp-content\/uploads\/2021\/01\/home-section-2-bg-e1610650089592.png);\nbackground-position:50% 50%;\nbackground-attachment:scroll;\n}\n<\/style>\n<div id='av_section_2'  class='avia-section av-26y2s-83e48b7a342efbc1fdf8f4c354107612 main_color avia-section-default avia-no-border-styling  avia-builder-el-8  el_after_av_section  avia-builder-el-last  avia-full-stretch avia-bg-style-scroll container_wrap fullsize'  data-section-bg-repeat='stretch'><div class='container av-section-cont-open' ><div class='template-page content  av-content-full alpha units'><div class='post-entry post-entry-type-page post-entry-32'><div class='entry-content-wrapper clearfix'>\n\n<style type=\"text\/css\" data-created_by=\"avia_inline_auto\" id=\"style-css-av-kjvryuyi-0d8cc849722fa4fb7a89648da6b5f8d2\">\n#top .hr.hr-invisible.av-kjvryuyi-0d8cc849722fa4fb7a89648da6b5f8d2{\nheight:380px;\n}\n<\/style>\n<div  class='hr av-kjvryuyi-0d8cc849722fa4fb7a89648da6b5f8d2 hr-invisible  avia-builder-el-9  el_before_av_heading  avia-builder-el-first '><span class='hr-inner '><span class=\"hr-inner-style\"><\/span><\/span><\/div>\n\n<style type=\"text\/css\" data-created_by=\"avia_inline_auto\" id=\"style-css-av-qy0c-85dc3cbee1ad7351a47e7f39ee09732e\">\n#top .av-special-heading.av-qy0c-85dc3cbee1ad7351a47e7f39ee09732e{\npadding-bottom:10px;\n}\nbody .av-special-heading.av-qy0c-85dc3cbee1ad7351a47e7f39ee09732e .av-special-heading-tag .heading-char{\nfont-size:25px;\n}\n.av-special-heading.av-qy0c-85dc3cbee1ad7351a47e7f39ee09732e .av-subheading{\nfont-size:15px;\n}\n<\/style>\n<div  id=\"experiencia-heading\"  class='av-special-heading av-qy0c-85dc3cbee1ad7351a47e7f39ee09732e av-special-heading-h4 blockquote modern-quote modern-centered  avia-builder-el-10  el_after_av_hr  el_before_av_one_half '><h4 class='av-special-heading-tag '  itemprop=\"headline\"  >Acerca de Molinos Azteca<\/h4><div class=\"special-heading-border\"><div class=\"special-heading-inner-border\"><\/div><\/div><\/div>\n\n<style type=\"text\/css\" data-created_by=\"avia_inline_auto\" id=\"style-css-av-ke3fqik1-c223c0319f2bee19e9decd2d5c193d58\">\n#top .flex_column.av-ke3fqik1-c223c0319f2bee19e9decd2d5c193d58{\nmargin-top:35px;\nmargin-bottom:10px;\n}\n.flex_column.av-ke3fqik1-c223c0319f2bee19e9decd2d5c193d58{\nborder-radius:0px 0px 0px 0px;\npadding:0px 0px 0px 0px;\nbackground-color:rgba(0,0,0,0);\n}\n.responsive #top #wrap_all .flex_column.av-ke3fqik1-c223c0319f2bee19e9decd2d5c193d58{\nmargin-top:35px;\nmargin-bottom:10px;\n}\n<\/style>\n<div  class='flex_column av-ke3fqik1-c223c0319f2bee19e9decd2d5c193d58 av_one_half  avia-builder-el-11  el_after_av_heading  el_before_av_one_half  first flex_column_div av-animated-generic left-to-right av-zero-column-padding avia-full-stretch  '     ><style type=\"text\/css\" data-created_by=\"avia_inline_auto\" id=\"style-css-av-kjt5nlug-07fcabfd58be2ea6e422416bc1715cc7\">\n.avia-image-container.av-kjt5nlug-07fcabfd58be2ea6e422416bc1715cc7 img.avia_image{\nbox-shadow:none;\n}\n.avia-image-container.av-kjt5nlug-07fcabfd58be2ea6e422416bc1715cc7 .av-image-caption-overlay-center{\ncolor:#ffffff;\n}\n<\/style>\n<div  class='avia-image-container av-kjt5nlug-07fcabfd58be2ea6e422416bc1715cc7 av-styling- avia-align-center  avia-builder-el-12  avia-builder-el-no-sibling '   itemprop=\"image\" itemscope=\"itemscope\" itemtype=\"https:\/\/schema.org\/ImageObject\" ><div class=\"avia-image-container-inner\"><div class=\"avia-image-overlay-wrap\"><img decoding=\"async\" fetchpriority=\"high\" class='wp-image-601 avia-img-lazy-loading-not-601 avia_image ' src=\"https:\/\/www.molinosazteca.com\/plantadealimentos\/wp-content\/uploads\/2021\/02\/home-img-acerca-molinios.png\" alt='' title='home-img-acerca-molinios'  height=\"378\" width=\"667\"  itemprop=\"thumbnailUrl\" srcset=\"https:\/\/www.molinosazteca.com\/plantadealimentos\/wp-content\/uploads\/2021\/02\/home-img-acerca-molinios.png 667w, https:\/\/www.molinosazteca.com\/plantadealimentos\/wp-content\/uploads\/2021\/02\/home-img-acerca-molinios-300x170.png 300w, https:\/\/www.molinosazteca.com\/plantadealimentos\/wp-content\/uploads\/2021\/02\/home-img-acerca-molinios-600x340.png 600w\" sizes=\"(max-width: 667px) 100vw, 667px\" \/><\/div><\/div><\/div><\/div>\n<style type=\"text\/css\" data-created_by=\"avia_inline_auto\" id=\"style-css-av-ke3fqik1-598085461cd63079cc9745efc38df6e5\">\n#top .flex_column.av-ke3fqik1-598085461cd63079cc9745efc38df6e5{\nmargin-top:35px;\nmargin-bottom:10px;\n}\n.flex_column.av-ke3fqik1-598085461cd63079cc9745efc38df6e5{\nborder-radius:0px 0px 0px 0px;\npadding:0px 0px 0px 0px;\nbackground-color:rgba(0,0,0,0);\n}\n.responsive #top #wrap_all .flex_column.av-ke3fqik1-598085461cd63079cc9745efc38df6e5{\nmargin-top:35px;\nmargin-bottom:10px;\n}\n<\/style>\n<div  class='flex_column av-ke3fqik1-598085461cd63079cc9745efc38df6e5 av_one_half  avia-builder-el-13  el_after_av_one_half  avia-builder-el-last  flex_column_div av-animated-generic right-to-left av-zero-column-padding avia-full-stretch  '     ><style type=\"text\/css\" data-created_by=\"avia_inline_auto\" id=\"style-css-av-ke3eqxm3-6dbeb9be4c322239c6c1741a5894e939\">\n#top .av_textblock_section.av-ke3eqxm3-6dbeb9be4c322239c6c1741a5894e939 .avia_textblock{\ncolor:#0a0a0a;\n}\n<\/style>\n<section  id=\"somos-lideres-text\"  class='av_textblock_section av-ke3eqxm3-6dbeb9be4c322239c6c1741a5894e939 '   itemscope=\"itemscope\" itemtype=\"https:\/\/schema.org\/CreativeWork\" ><div class='avia_textblock av_inherit_color'  itemprop=\"text\" ><p style=\"text-align: left;\">En Molinos Azteca, somos l\u00edderes en dise\u00f1o, fabricaci\u00f3n e instalaci\u00f3n de plantas procesadoras de alimentos balanceados para consumo animal, recibas de granos, mecanizaci\u00f3n de silos, en las industrias av\u00edcola, acu\u00edcola, ganadera, porc\u00edcola y pet food. Hemos incursionado exitosamente en el extranjero portando como estandarte la EXPERIENCIA e INNOVACI\u00d3N en equipos y dise\u00f1os.<\/p>\n<\/div><\/section><br \/>\n\n<style type=\"text\/css\" data-created_by=\"avia_inline_auto\" id=\"style-css-av-klsk3gb6-c335db59f2cd981a7b1c9a4db6b8a83c\">\n#top .av-special-heading.av-klsk3gb6-c335db59f2cd981a7b1c9a4db6b8a83c{\npadding-bottom:10px;\n}\nbody .av-special-heading.av-klsk3gb6-c335db59f2cd981a7b1c9a4db6b8a83c .av-special-heading-tag .heading-char{\nfont-size:25px;\n}\n.av-special-heading.av-klsk3gb6-c335db59f2cd981a7b1c9a4db6b8a83c .av-subheading{\nfont-size:15px;\n}\n<\/style>\n<div  id=\"garantizamos-heading\"  class='av-special-heading av-klsk3gb6-c335db59f2cd981a7b1c9a4db6b8a83c av-special-heading-h5 blockquote modern-quote  avia-builder-el-15  el_after_av_textblock  avia-builder-el-last '><h5 class='av-special-heading-tag '  itemprop=\"headline\"  >Las plantas de alimentos construidas por Molinos Aztecas, se proyectan seg\u00fan sus requerimientos con el mejor valor de retorno de la inversi\u00f3n inicial, capaces de diversificar sus aplicaciones con sistemas especializados como es paletizado, Rolado y Extruido.<\/h5><div class=\"special-heading-border\"><div class=\"special-heading-inner-border\"><\/div><\/div><\/div><\/p><\/div>\n<\/p>\n","protected":false},"excerpt":{"rendered":"","protected":false},"author":1,"featured_media":0,"parent":0,"menu_order":0,"comment_status":"closed","ping_status":"closed","template":"","meta":{"inline_featured_image":false,"footnotes":""},"class_list":["post-32","page","type-page","status-publish","hentry"],"_links":{"self":[{"href":"https:\/\/www.molinosazteca.com\/plantadealimentos\/wp-json\/wp\/v2\/pages\/32","targetHints":{"allow":["GET"]}}],"collection":[{"href":"https:\/\/www.molinosazteca.com\/plantadealimentos\/wp-json\/wp\/v2\/pages"}],"about":[{"href":"https:\/\/www.molinosazteca.com\/plantadealimentos\/wp-json\/wp\/v2\/types\/page"}],"author":[{"embeddable":true,"href":"https:\/\/www.molinosazteca.com\/plantadealimentos\/wp-json\/wp\/v2\/users\/1"}],"replies":[{"embeddable":true,"href":"https:\/\/www.molinosazteca.com\/plantadealimentos\/wp-json\/wp\/v2\/comments?post=32"}],"version-history":[{"count":27,"href":"https:\/\/www.molinosazteca.com\/plantadealimentos\/wp-json\/wp\/v2\/pages\/32\/revisions"}],"predecessor-version":[{"id":1161,"href":"https:\/\/www.molinosazteca.com\/plantadealimentos\/wp-json\/wp\/v2\/pages\/32\/revisions\/1161"}],"wp:attachment":[{"href":"https:\/\/www.molinosazteca.com\/plantadealimentos\/wp-json\/wp\/v2\/media?parent=32"}],"curies":[{"name":"wp","href":"https:\/\/api.w.org\/{rel}","templated":true}]}}