{"id":1058,"date":"2021-02-26T11:22:52","date_gmt":"2021-02-26T17:22:52","guid":{"rendered":"https:\/\/molinos-alimentos.intagono.mx\/producto\/cabezales-distribuidores\/"},"modified":"2021-02-26T11:22:52","modified_gmt":"2021-02-26T17:22:52","slug":"cabezales-distribuidores","status":"publish","type":"product","link":"https:\/\/www.molinosazteca.com\/plantadealimentos\/producto\/cabezales-distribuidores\/","title":{"rendered":"Cabezales Distribuidores"},"content":{"rendered":"<p>CARACTER\u00cdSTICAS<br \/>\nCARACTER\u00cdSTICAS: OPERACI\u00d3N EL\u00c9CTRICA: Su exactitud de la descarga es mediante micro interruptor de actuaci\u00f3n positiva que son previamente instalados y conectados a una caja selectora de posici\u00f3n incluida en el equipo. OPERACI\u00d3N MANUAL: Incluye un pedal y volante para el accionamiento de las descargas RANGO DE DESCARGAS EST\u00c1NDAR: a 50\u00b0 de 10&#8243;, 12&#8243;, 14&#8243; 16&#8243; de di\u00e1metro de 4 hasta 16 salidas FABRICADOS EN: Acero al carb\u00f3n o Acero galvanizado OPCIONALES: \u2022 Lamina en acero inoxidable tipo 304 acabado est\u00e1ndar \u2022 Ductos de la descarga con recubrimiento en polietileno \u2022 Plataformas de servicio \u2022 Mayor tama\u00f1o \u2022 Mayor n\u00famero de descargas \u2022 Cabezales tipo Swing sencillos y dobles \u2022 Cabezales tipo flat back<br \/>\n .<\/p>\n","protected":false},"excerpt":{"rendered":"<p>Los Cabezales Distribuidores son fabricados en Acero al carb\u00f3n, Galvanizados o Acero inoxidable, de operaci\u00f3n Manual o el\u00e9ctrica.<\/p>\n[av_button label='Ficha t\u00e9cnica' link='manually,https:\/\/molinosazteca.com\/plantadealimentos\/wp-content\/uploads\/2021\/02\/ft-cabezal-distribuidor-doble-o-triple-scaled.jpg' link_target='_blank' size='middle' position='left' icon_select='yes' icon='ue84c' font='entypo-fontello' color='theme-color' custom_bg='#444444' custom_font='#ffffff' av_uid='av-5obiu2i']\n[av_button label='Ficha t\u00e9cnica' link='manually,https:\/\/molinosazteca.com\/plantadealimentos\/wp-content\/uploads\/2021\/02\/ft-distribuidor-tipo-abanico-scaled.jpg' link_target='_blank' size='middle' position='left' icon_select='yes' icon='ue84c' font='entypo-fontello' color='theme-color' custom_bg='#444444' custom_font='#ffffff' av_uid='av-5obiu2i']\n","protected":false},"featured_media":968,"comment_status":"open","ping_status":"closed","template":"","meta":{"inline_featured_image":false},"product_brand":[],"product_cat":[17,87],"product_tag":[],"class_list":{"0":"post-1058","1":"product","2":"type-product","3":"status-publish","4":"has-post-thumbnail","6":"product_cat-equipos","7":"product_cat-cabezales-distribuidores","9":"first","10":"instock","11":"shipping-taxable","12":"purchasable","13":"product-type-simple"},"_links":{"self":[{"href":"https:\/\/www.molinosazteca.com\/plantadealimentos\/wp-json\/wp\/v2\/product\/1058","targetHints":{"allow":["GET"]}}],"collection":[{"href":"https:\/\/www.molinosazteca.com\/plantadealimentos\/wp-json\/wp\/v2\/product"}],"about":[{"href":"https:\/\/www.molinosazteca.com\/plantadealimentos\/wp-json\/wp\/v2\/types\/product"}],"replies":[{"embeddable":true,"href":"https:\/\/www.molinosazteca.com\/plantadealimentos\/wp-json\/wp\/v2\/comments?post=1058"}],"wp:featuredmedia":[{"embeddable":true,"href":"https:\/\/www.molinosazteca.com\/plantadealimentos\/wp-json\/wp\/v2\/media\/968"}],"wp:attachment":[{"href":"https:\/\/www.molinosazteca.com\/plantadealimentos\/wp-json\/wp\/v2\/media?parent=1058"}],"wp:term":[{"taxonomy":"product_brand","embeddable":true,"href":"https:\/\/www.molinosazteca.com\/plantadealimentos\/wp-json\/wp\/v2\/product_brand?post=1058"},{"taxonomy":"product_cat","embeddable":true,"href":"https:\/\/www.molinosazteca.com\/plantadealimentos\/wp-json\/wp\/v2\/product_cat?post=1058"},{"taxonomy":"product_tag","embeddable":true,"href":"https:\/\/www.molinosazteca.com\/plantadealimentos\/wp-json\/wp\/v2\/product_tag?post=1058"}],"curies":[{"name":"wp","href":"https:\/\/api.w.org\/{rel}","templated":true}]}}