{"id":1061,"date":"2021-02-26T11:22:53","date_gmt":"2021-02-26T17:22:53","guid":{"rendered":"https:\/\/molinos-alimentos.intagono.mx\/producto\/mezcladoras-horizontales\/"},"modified":"2021-02-26T11:22:53","modified_gmt":"2021-02-26T17:22:53","slug":"mezcladoras-horizontales","status":"publish","type":"product","link":"https:\/\/www.molinosazteca.com\/plantadealimentos\/producto\/mezcladoras-horizontales\/","title":{"rendered":"Mezcladoras horizontales"},"content":{"rendered":"<p>CARACTER\u00cdSTICAS<br \/>\nLas necesidades de mezclado de nuestros clientes pueden ser satisfechas ampliamente con nuestras mezcladoras horizontales, las cuales son dise\u00f1adas y fabricadas para proporcionar una operaci\u00f3n de alta eficiencia y su construcci\u00f3n robusta les asegura muchos a\u00f1os libres de problema, tanto en las mezcladoras de cintas como de paletas. En los tama\u00f1os de fabricaci\u00f3n de 250 kg. a 5,000 kgs. o m\u00e1s, encontrara la mezcladora que cubra sus necesidades. Diferentes tipos de transmisi\u00f3n se encuentran disponibles para una mejor adecuaci\u00f3n de sus necesidades. El dise\u00f1o de nuestras mezcladoras utiliza de mejor forma la relaci\u00f3n di\u00e1metro-longitud.<\/p>\n","protected":false},"excerpt":{"rendered":"<p>Molinos Azteca y Juper a trav\u00e9s de su l\u00ednea de Mezcladoras horizontales, ofrece a usted la mejor opci\u00f3n para resolver sus problemas de mezclado en todas las aplicaciones Agroindustriales.<\/p>\n[av_button label='Ficha t\u00e9cnica' link='manually,https:\/\/molinosazteca.com\/plantadealimentos\/wp-content\/uploads\/2021\/02\/ft-mezcladora-horizontal.jpg' link_target='_blank' size='middle' position='left' icon_select='yes' icon='ue84c' font='entypo-fontello' color='theme-color' custom_bg='#444444' custom_font='#ffffff' av_uid='av-5obiu2i']\n[av_button label='Ficha t\u00e9cnica' link='manually,https:\/\/molinosazteca.com\/plantadealimentos\/wp-content\/uploads\/2021\/02\/ft-mezcladora-horizontal-01.jpg' link_target='_blank' size='middle' position='left' icon_select='yes' icon='ue84c' font='entypo-fontello' color='theme-color' custom_bg='#444444' custom_font='#ffffff' av_uid='av-5obiu2i']\n","protected":false},"featured_media":984,"comment_status":"open","ping_status":"closed","template":"","meta":{"inline_featured_image":false},"product_brand":[],"product_cat":[17,27],"product_tag":[],"class_list":{"0":"post-1061","1":"product","2":"type-product","3":"status-publish","4":"has-post-thumbnail","6":"product_cat-equipos","7":"product_cat-mezcladoras-horizontales","9":"first","10":"instock","11":"shipping-taxable","12":"purchasable","13":"product-type-simple"},"_links":{"self":[{"href":"https:\/\/www.molinosazteca.com\/plantadealimentos\/wp-json\/wp\/v2\/product\/1061","targetHints":{"allow":["GET"]}}],"collection":[{"href":"https:\/\/www.molinosazteca.com\/plantadealimentos\/wp-json\/wp\/v2\/product"}],"about":[{"href":"https:\/\/www.molinosazteca.com\/plantadealimentos\/wp-json\/wp\/v2\/types\/product"}],"replies":[{"embeddable":true,"href":"https:\/\/www.molinosazteca.com\/plantadealimentos\/wp-json\/wp\/v2\/comments?post=1061"}],"wp:featuredmedia":[{"embeddable":true,"href":"https:\/\/www.molinosazteca.com\/plantadealimentos\/wp-json\/wp\/v2\/media\/984"}],"wp:attachment":[{"href":"https:\/\/www.molinosazteca.com\/plantadealimentos\/wp-json\/wp\/v2\/media?parent=1061"}],"wp:term":[{"taxonomy":"product_brand","embeddable":true,"href":"https:\/\/www.molinosazteca.com\/plantadealimentos\/wp-json\/wp\/v2\/product_brand?post=1061"},{"taxonomy":"product_cat","embeddable":true,"href":"https:\/\/www.molinosazteca.com\/plantadealimentos\/wp-json\/wp\/v2\/product_cat?post=1061"},{"taxonomy":"product_tag","embeddable":true,"href":"https:\/\/www.molinosazteca.com\/plantadealimentos\/wp-json\/wp\/v2\/product_tag?post=1061"}],"curies":[{"name":"wp","href":"https:\/\/api.w.org\/{rel}","templated":true}]}}