{"id":1062,"date":"2021-02-26T11:22:53","date_gmt":"2021-02-26T17:22:53","guid":{"rendered":"https:\/\/molinos-alimentos.intagono.mx\/producto\/molinos-orbitales\/"},"modified":"2021-02-26T11:22:53","modified_gmt":"2021-02-26T17:22:53","slug":"molinos-orbitales","status":"publish","type":"product","link":"https:\/\/www.molinosazteca.com\/plantadealimentos\/producto\/molinos-orbitales\/","title":{"rendered":"Molinos Orbitales"},"content":{"rendered":"<p>CARACTER\u00cdSTICAS<br \/>\nPara la molienda de granos contamos con una amplia variedad de molinos de martillos en diferentes capacidades y caballajes, con cribas intercambiables, tambi\u00e9n contamos con molinos texturizadores para alimentos peletizados y extruidos. CAPACIDADES: 3 T\/H, 7 T\/H, 10 T\/H, 15 T\/H, 20 T\/H Y mas. MOTORES: 30 a 300 HP. OPCIONALES: Sistema recuperador de polvos de mangas o cicl\u00f3n Joroba con placa magn\u00e9tica, compuerta manual y\/o neum\u00e1tica Alimentador rotativo Sistemas de laza cerrado. Al contar con un \u00e1rea de criba amplia, la eficiencia del molino aumenta. Los molinos est\u00e1n fabricados en placa de acero.<\/p>\n","protected":false},"excerpt":{"rendered":"<p>MOLINOS ORBITALES DE MARTILLOS CON ACOPLAMIENTO DIRECTO<br \/>\nNuestra l\u00ednea de Molinos orbitales de martillos de nueva generaci\u00f3n con acoplamiento directo, proporcionan una molienda de alta calidad en granos y algunos otros materiales.<\/p>\n[av_button label='Ficha t\u00e9cnica' link='manually,https:\/\/molinosazteca.com\/plantadealimentos\/wp-content\/uploads\/2021\/02\/ft-molino-martillos.jpg' link_target='_blank' size='middle' position='left' icon_select='yes' icon='ue84c' font='entypo-fontello' color='theme-color' custom_bg='#444444' custom_font='#ffffff' av_uid='av-5obiu2i']\n","protected":false},"featured_media":986,"comment_status":"open","ping_status":"closed","template":"","meta":{"inline_featured_image":false},"product_brand":[],"product_cat":[17,78],"product_tag":[],"class_list":{"0":"post-1062","1":"product","2":"type-product","3":"status-publish","4":"has-post-thumbnail","6":"product_cat-equipos","7":"product_cat-molinos-orbitales","9":"first","10":"instock","11":"shipping-taxable","12":"purchasable","13":"product-type-simple"},"_links":{"self":[{"href":"https:\/\/www.molinosazteca.com\/plantadealimentos\/wp-json\/wp\/v2\/product\/1062","targetHints":{"allow":["GET"]}}],"collection":[{"href":"https:\/\/www.molinosazteca.com\/plantadealimentos\/wp-json\/wp\/v2\/product"}],"about":[{"href":"https:\/\/www.molinosazteca.com\/plantadealimentos\/wp-json\/wp\/v2\/types\/product"}],"replies":[{"embeddable":true,"href":"https:\/\/www.molinosazteca.com\/plantadealimentos\/wp-json\/wp\/v2\/comments?post=1062"}],"wp:featuredmedia":[{"embeddable":true,"href":"https:\/\/www.molinosazteca.com\/plantadealimentos\/wp-json\/wp\/v2\/media\/986"}],"wp:attachment":[{"href":"https:\/\/www.molinosazteca.com\/plantadealimentos\/wp-json\/wp\/v2\/media?parent=1062"}],"wp:term":[{"taxonomy":"product_brand","embeddable":true,"href":"https:\/\/www.molinosazteca.com\/plantadealimentos\/wp-json\/wp\/v2\/product_brand?post=1062"},{"taxonomy":"product_cat","embeddable":true,"href":"https:\/\/www.molinosazteca.com\/plantadealimentos\/wp-json\/wp\/v2\/product_cat?post=1062"},{"taxonomy":"product_tag","embeddable":true,"href":"https:\/\/www.molinosazteca.com\/plantadealimentos\/wp-json\/wp\/v2\/product_tag?post=1062"}],"curies":[{"name":"wp","href":"https:\/\/api.w.org\/{rel}","templated":true}]}}