{"id":1066,"date":"2021-02-26T11:22:55","date_gmt":"2021-02-26T17:22:55","guid":{"rendered":"https:\/\/molinos-alimentos.intagono.mx\/producto\/tanques-y-estructuras\/"},"modified":"2025-08-05T16:01:25","modified_gmt":"2025-08-05T22:01:25","slug":"tanques-y-estructuras","status":"publish","type":"product","link":"https:\/\/www.molinosazteca.com\/plantadealimentos\/producto\/tanques-y-estructuras\/","title":{"rendered":"Tanques y estructuras"},"content":{"rendered":"<p>CARACTER\u00cdSTICAS<br \/>\nFabricamos tolvas peque\u00f1as de almacenamiento, tanques de trabajo y tanques para estaciones de carga a granel en varias capacidades, cuadrados y redondos, las estructuras que los soportan est\u00e1n calculadas especialmente para soportar el peso de la mismas y el peso de trabajo. MATERIALES DE FABRICACI\u00d3N: Estructuras en Vigas IPR de diferentes secciones. Caras de lo tanques en l\u00e1minas cal 10 y 12. Conos de los tanques en placa 3\/16&#8243; Fabricamos: \u2022Tanques de trabajo \u2022Tanques de ingredientes menores \u2022Tanques de micros \u2022Estaciones de embarque \u2022Torres de peletizado, rolado y extruido \u2022Tolvas de envase Los dise\u00f1os son de acuerdo a sus requerimientos de ingredientes, capacidad de producci\u00f3n y almacenamiento.<\/p>\n","protected":false},"excerpt":{"rendered":"<p>Los Tanques de Almacenamiento y trabajo son fabricados en acero al carb\u00f3n, galvanizados o con caras internas en acero inoxidable, se fabrican en diferentes capacidades y en diferentes acomodos.<\/p>\n","protected":false},"featured_media":1205,"comment_status":"open","ping_status":"closed","template":"","meta":{"inline_featured_image":false},"product_brand":[],"product_cat":[17,91],"product_tag":[],"class_list":{"0":"post-1066","1":"product","2":"type-product","3":"status-publish","4":"has-post-thumbnail","6":"product_cat-equipos","7":"product_cat-tanques-y-estructuras","9":"first","10":"instock","11":"shipping-taxable","12":"purchasable","13":"product-type-simple"},"_links":{"self":[{"href":"https:\/\/www.molinosazteca.com\/plantadealimentos\/wp-json\/wp\/v2\/product\/1066","targetHints":{"allow":["GET"]}}],"collection":[{"href":"https:\/\/www.molinosazteca.com\/plantadealimentos\/wp-json\/wp\/v2\/product"}],"about":[{"href":"https:\/\/www.molinosazteca.com\/plantadealimentos\/wp-json\/wp\/v2\/types\/product"}],"replies":[{"embeddable":true,"href":"https:\/\/www.molinosazteca.com\/plantadealimentos\/wp-json\/wp\/v2\/comments?post=1066"}],"wp:featuredmedia":[{"embeddable":true,"href":"https:\/\/www.molinosazteca.com\/plantadealimentos\/wp-json\/wp\/v2\/media\/1205"}],"wp:attachment":[{"href":"https:\/\/www.molinosazteca.com\/plantadealimentos\/wp-json\/wp\/v2\/media?parent=1066"}],"wp:term":[{"taxonomy":"product_brand","embeddable":true,"href":"https:\/\/www.molinosazteca.com\/plantadealimentos\/wp-json\/wp\/v2\/product_brand?post=1066"},{"taxonomy":"product_cat","embeddable":true,"href":"https:\/\/www.molinosazteca.com\/plantadealimentos\/wp-json\/wp\/v2\/product_cat?post=1066"},{"taxonomy":"product_tag","embeddable":true,"href":"https:\/\/www.molinosazteca.com\/plantadealimentos\/wp-json\/wp\/v2\/product_tag?post=1066"}],"curies":[{"name":"wp","href":"https:\/\/api.w.org\/{rel}","templated":true}]}}