{"id":1067,"date":"2021-02-26T11:22:55","date_gmt":"2021-02-26T17:22:55","guid":{"rendered":"https:\/\/molinos-alimentos.intagono.mx\/producto\/transportadores-de-cadena\/"},"modified":"2021-02-26T11:22:55","modified_gmt":"2021-02-26T17:22:55","slug":"transportadores-de-cadena","status":"publish","type":"product","link":"https:\/\/www.molinosazteca.com\/plantadealimentos\/producto\/transportadores-de-cadena\/","title":{"rendered":"Transportadores de Cadena"},"content":{"rendered":"<p>CARACTER\u00cdSTICAS<br \/>\nCapaces de mover grandes vol\u00famenes de material con m\u00ednimo requerimiento de potencia, vers\u00e1tiles, inclinados o con cambio de direcci\u00f3n. Por ser transportadores de arrastre no dejan residuos, evitando la contaminaci\u00f3n al cambiar el producto. Se Fabrican en Acero al carb\u00f3n, Galvanizados o Acero inoxidable. Capacidades desde 40 Toneladas hasta 700 t\/h. Contamos con paletas y sprockets en UHMW y sprockets met\u00e1licos.<\/p>\n","protected":false},"excerpt":{"rendered":"<p>Los Transportadores de arrastre fondo plano y fondo curvo que fabricamos son los adecuados para transportar materiales a granel, cuyo tama\u00f1o de part\u00edcula es relativamente peque\u00f1o.<\/p>\n[av_button label='Ficha t\u00e9cnica' link='manually,https:\/\/molinosazteca.com\/plantadealimentos\/wp-content\/uploads\/2021\/02\/ft-transportador-fondo-plano.jpg' link_target='_blank' size='middle' position='left' icon_select='yes' icon='ue84c' font='entypo-fontello' color='theme-color' custom_bg='#444444' custom_font='#ffffff' av_uid='av-5obiu2i']\n[av_button label='Ficha t\u00e9cnica' link='manually,https:\/\/molinosazteca.com\/plantadealimentos\/wp-content\/uploads\/2021\/02\/ft-transportador-fondo-curvo.jpg' link_target='_blank' size='middle' position='left' icon_select='yes' icon='ue84c' font='entypo-fontello' color='theme-color' custom_bg='#444444' custom_font='#ffffff' av_uid='av-5obiu2i']\n","protected":false},"featured_media":1003,"comment_status":"open","ping_status":"closed","template":"","meta":{"inline_featured_image":false},"product_brand":[],"product_cat":[17,92],"product_tag":[],"class_list":{"0":"post-1067","1":"product","2":"type-product","3":"status-publish","4":"has-post-thumbnail","6":"product_cat-equipos","7":"product_cat-transportadores-de-cadena","9":"first","10":"instock","11":"shipping-taxable","12":"purchasable","13":"product-type-simple"},"_links":{"self":[{"href":"https:\/\/www.molinosazteca.com\/plantadealimentos\/wp-json\/wp\/v2\/product\/1067","targetHints":{"allow":["GET"]}}],"collection":[{"href":"https:\/\/www.molinosazteca.com\/plantadealimentos\/wp-json\/wp\/v2\/product"}],"about":[{"href":"https:\/\/www.molinosazteca.com\/plantadealimentos\/wp-json\/wp\/v2\/types\/product"}],"replies":[{"embeddable":true,"href":"https:\/\/www.molinosazteca.com\/plantadealimentos\/wp-json\/wp\/v2\/comments?post=1067"}],"wp:featuredmedia":[{"embeddable":true,"href":"https:\/\/www.molinosazteca.com\/plantadealimentos\/wp-json\/wp\/v2\/media\/1003"}],"wp:attachment":[{"href":"https:\/\/www.molinosazteca.com\/plantadealimentos\/wp-json\/wp\/v2\/media?parent=1067"}],"wp:term":[{"taxonomy":"product_brand","embeddable":true,"href":"https:\/\/www.molinosazteca.com\/plantadealimentos\/wp-json\/wp\/v2\/product_brand?post=1067"},{"taxonomy":"product_cat","embeddable":true,"href":"https:\/\/www.molinosazteca.com\/plantadealimentos\/wp-json\/wp\/v2\/product_cat?post=1067"},{"taxonomy":"product_tag","embeddable":true,"href":"https:\/\/www.molinosazteca.com\/plantadealimentos\/wp-json\/wp\/v2\/product_tag?post=1067"}],"curies":[{"name":"wp","href":"https:\/\/api.w.org\/{rel}","templated":true}]}}