{"id":1069,"date":"2021-02-26T11:22:56","date_gmt":"2021-02-26T17:22:56","guid":{"rendered":"https:\/\/molinos-alimentos.intagono.mx\/producto\/volcadores-hidraulicos\/"},"modified":"2021-02-26T11:22:56","modified_gmt":"2021-02-26T17:22:56","slug":"volcadores-hidraulicos","status":"publish","type":"product","link":"https:\/\/www.molinosazteca.com\/plantadealimentos\/producto\/volcadores-hidraulicos\/","title":{"rendered":"Volcadores Hidraulicos"},"content":{"rendered":"<p>CARACTER\u00cdSTICAS<br \/>\nSe fabrican en diferentes capacidades y \u00e1ngulos de operaci\u00f3n, los volcadores Azteca incluyen la plataforma de acero, los topes hidr\u00e1ulicos, cilindros telesc\u00f3picos, unidad hidr\u00e1ulica, v\u00e1lvulas direccionales manuales o el\u00e9ctricas, y si se requiere, pueden estar equipados con un sistema de pesaje (volcador b\u00e1scula)<\/p>\n","protected":false},"excerpt":{"rendered":"<p>Fabricamos Volcadores para tr\u00e1iler, apara camiones, o para camiones y jaulas, con cilindros por debajo de la plataforma o exteriores por los lados de la plataforma.<\/p>\n[av_button label='Ficha t\u00e9cnica' link='manually,https:\/\/molinosazteca.com\/plantadealimentos\/wp-content\/uploads\/2021\/02\/ft-volcadores.jpg' link_target='_blank' size='middle' position='left' icon_select='yes' icon='ue84c' font='entypo-fontello' color='theme-color' custom_bg='#444444' custom_font='#ffffff' av_uid='av-5obiu2i']\n","protected":false},"featured_media":1005,"comment_status":"open","ping_status":"closed","template":"","meta":{"inline_featured_image":false},"product_brand":[],"product_cat":[17,95],"product_tag":[],"class_list":{"0":"post-1069","1":"product","2":"type-product","3":"status-publish","4":"has-post-thumbnail","6":"product_cat-equipos","7":"product_cat-volcadores-hidraulicos","9":"first","10":"instock","11":"shipping-taxable","12":"purchasable","13":"product-type-simple"},"_links":{"self":[{"href":"https:\/\/www.molinosazteca.com\/plantadealimentos\/wp-json\/wp\/v2\/product\/1069","targetHints":{"allow":["GET"]}}],"collection":[{"href":"https:\/\/www.molinosazteca.com\/plantadealimentos\/wp-json\/wp\/v2\/product"}],"about":[{"href":"https:\/\/www.molinosazteca.com\/plantadealimentos\/wp-json\/wp\/v2\/types\/product"}],"replies":[{"embeddable":true,"href":"https:\/\/www.molinosazteca.com\/plantadealimentos\/wp-json\/wp\/v2\/comments?post=1069"}],"wp:featuredmedia":[{"embeddable":true,"href":"https:\/\/www.molinosazteca.com\/plantadealimentos\/wp-json\/wp\/v2\/media\/1005"}],"wp:attachment":[{"href":"https:\/\/www.molinosazteca.com\/plantadealimentos\/wp-json\/wp\/v2\/media?parent=1069"}],"wp:term":[{"taxonomy":"product_brand","embeddable":true,"href":"https:\/\/www.molinosazteca.com\/plantadealimentos\/wp-json\/wp\/v2\/product_brand?post=1069"},{"taxonomy":"product_cat","embeddable":true,"href":"https:\/\/www.molinosazteca.com\/plantadealimentos\/wp-json\/wp\/v2\/product_cat?post=1069"},{"taxonomy":"product_tag","embeddable":true,"href":"https:\/\/www.molinosazteca.com\/plantadealimentos\/wp-json\/wp\/v2\/product_tag?post=1069"}],"curies":[{"name":"wp","href":"https:\/\/api.w.org\/{rel}","templated":true}]}}